{"id":11225,"date":"2024-01-26T15:41:22","date_gmt":"2024-01-26T15:41:22","guid":{"rendered":"https:\/\/turkpol.org.pl\/polityka-prywatnosci\/"},"modified":"2024-03-23T13:57:54","modified_gmt":"2024-03-23T13:57:54","slug":"polityka-prywatnosci","status":"publish","type":"page","link":"https:\/\/turkpol.org.pl\/pl\/polityka-prywatnosci\/","title":{"rendered":"POLITYKA PRYWATNO\u015aCI"},"content":{"rendered":"\t\t<div data-elementor-type=\"wp-page\" data-elementor-id=\"11225\" class=\"elementor elementor-11225 elementor-11217\" data-elementor-post-type=\"page\">\n\t\t\t\t\t\t<section class=\"elementor-section elementor-top-section elementor-element elementor-element-bceda82 elementor-section-boxed elementor-section-height-default elementor-section-height-default sc_fly_static\" data-id=\"bceda82\" data-element_type=\"section\" data-e-type=\"section\">\n\t\t\t\t\t\t<div class=\"elementor-container elementor-column-gap-extended\">\n\t\t\t\t\t<div class=\"elementor-column elementor-col-100 elementor-top-column elementor-element elementor-element-e35700c sc_content_align_inherit sc_layouts_column_icons_position_left sc_fly_static\" data-id=\"e35700c\" data-element_type=\"column\" data-e-type=\"column\">\n\t\t\t<div class=\"elementor-widget-wrap elementor-element-populated\">\n\t\t\t\t\t\t<div class=\"elementor-element elementor-element-db7732b sc_fly_static elementor-widget elementor-widget-text-editor\" data-id=\"db7732b\" data-element_type=\"widget\" data-e-type=\"widget\" data-widget_type=\"text-editor.default\">\n\t\t\t\t<div class=\"elementor-widget-container\">\n\t\t\t\t\t\t\t\t\t<h3 style=\"text-align: center;\">Informacje wst\u0119pne<\/h3>\n<ol>\n<li>1. Szanuj\u0105c prawo do prywatno\u015bci os\u00f3b, kt\u00f3re powierzy\u0142y STOWARZYSZENIU KULTURY I WSP\u00d3\u0141PRACY POLSKO-TURECKIEJ TURKPOL z siedzib\u0105 w Warszawie, przy ulicy Marcina Kasprzaka 146\/10 (dalej: Stowarzyszenie TURKPOL) swoje dane osobowe, w tym os\u00f3b korzystaj\u0105cych z naszych us\u0142ug, naszych kontrahent\u00f3w i ich pracownik\u00f3w, pragniemy zadeklarowa\u0107, \u017ce pozyskane dane przetwarzamy zgodnie z krajowymi i europejskimi przepisami prawa oraz w warunkach gwarantuj\u0105cych ich bezpiecze\u0144stwo. <\/li>\n<li>Szanuj\u0105c prawo do prywatno\u015bci os\u00f3b, kt\u00f3re powierzy\u0142y STOWARZYSZENIU KULTURY I WSP\u00d3\u0141PRACY POLSKO-TURECKIEJ TURKPOL z siedzib\u0105 w Warszawie, przy ulicy Marcina Kasprzaka 146\/10 (dalej: Stowarzyszenie TURKPOL) swoje dane osobowe, w tym os\u00f3b korzystaj\u0105cych z naszych us\u0142ug, naszych kontrahent\u00f3w i ich pracownik\u00f3w, pragniemy zadeklarowa\u0107, \u017ce pozyskane dane przetwarzamy zgodnie z krajowymi i europejskimi przepisami prawa oraz w warunkach gwarantuj\u0105cych ich bezpiecze\u0144stwo. Aby zapewni\u0107 transparentno\u015b\u0107 realizowanych proces\u00f3w przetwarzania, przedstawiamy obowi\u0105zuj\u0105ce w Stowarzyszeniu TURKPOL zasady ochrony danych osobowych, ustanowione na gruncie rozporz\u0105dzenia Parlamentu Europejskiego i Rady (UE) 2016\/679 z dnia 27 kwietnia 2016 r. w sprawie ochrony os\u00f3b fizycznych w zwi\u0105zku z przetwarzaniem danych osobowych i w sprawie swobodnego przep\u0142ywu takich danych oraz uchylenia dyrektywy 95\/46\/WE (og\u00f3lne rozporz\u0105dzenie o ochronie danych, dalej \u201eRODO\u201d).<\/li>\n<\/ol>\n<h3 style=\"text-align: center;\">Administrator danych<\/h3>\n<p>Administratorem Twoich danych osobowych, czyli podmiotem decyduj\u0105cym o celach i sposobach przetwarzania, jest STOWARZYSZENIE KULTURY I WSP\u00d3\u0141PRACY POLSKO-TURECKIEJ TURKPOL z siedzib\u0105 w Warszawie, przy ulicy Marcina Kasprzaka 146\/10 w sprawach zwi\u0105zanych z przetwarzaniem danych osobowych mo\u017cesz skontaktowa\u0107 si\u0119 z nami r\u00f3wnie\u017c mailowo pod adresem: <span style=\"font-family: Inter, sans-serif; font-size: 15px; font-style: normal; font-weight: 400; background-color: var(--theme-color-bg_color); color: var(--theme-color-text);\">info@turkpol.org.pl<\/span>  <\/p>\n<h3 style=\"text-align: center;\">Pozyskanie danych i cel ich przetwarzania<\/h3>\n<ol>\n<li>Dane osobowe u\u017cytkownika mog\u0105 by\u0107 przetwarzane w nast\u0119puj\u0105cych celach:<\/li>\n<li>przyj\u0119cia w poczet cz\u0142onk\u00f3w Stowarzyszenia TURKPOL i wype\u0142niania czynno\u015bci z tym zwi\u0105zanych<\/li>\n<li>realizacji um\u00f3w dotycz\u0105cych uczestnictwa w kursach, szkoleniach, seminariach, itp.;<\/li>\n<li>innej dzia\u0142alno\u015bci, s\u0142u\u017c\u0105cej do propagowania dzia\u0142alno\u015bci Stowarzyszenia TURKPOL.<\/li>\n<li>Dzia\u0142alno\u015b\u0107 Stowarzyszenia TURKPOL polega na:<\/li>\n<li>budowaniu i pog\u0142\u0119bianiu przyjaznych stosunk\u00f3w Polsko-Tureckich opartych na otwarto\u015bci, tolerancji oraz wsp\u00f3\u0142pracy,<\/li>\n<li>zwi\u0119kszanie wiedzy obu spo\u0142ecze\u0144stw na temat Polski i Turcji oraz relacji polsko-tureckich,<\/li>\n<li>prze\u0142amywanie stereotyp\u00f3w, wspieranie, piel\u0119gnowanie i promowanie w Turcji polskiego dziedzictwa kulturowego oraz w Polsce tureckiego dziedzictwa kulturowego,<\/li>\n<li>integrowanie i wspieranie \u015brodowiska polskiego w Turcji oraz \u015brodowiska tureckiego w Polsce,<\/li>\n<li>wspieranie dialogu mi\u0119dzykulturowego i mi\u0119dzywyznaniowego,<\/li>\n<li>zwi\u0119kszanie wiedzy na temat r\u00f3\u017cnic kulturowych i wielokulturowych,<\/li>\n<li>g) szerzenie postaw tolerancji i zrozumienia, przeciwdzia\u0142anie r\u00f3\u017cnym formom dyskryminacji, w szczeg\u00f3lno\u015bci na tle rasowym, narodowo\u015bciowym lub wyznaniowym,<\/li>\n<li>zach\u0119canie do zacie\u015bniania relacji biznesowych i zaanga\u017cowania mi\u0119dzy Turcj\u0105 a Polsk\u0105,<\/li>\n<li>i) podtrzymywanie i upowszechnienie tradycji narodowej, piel\u0119gnowania polsko\u015bci oraz rozwoju \u015bwiadomo\u015bci narodowej, obywatelskiej i kulturowej,<\/li>\n<li>prowadzenie dzia\u0142alno\u015bci na rzecz mniejszo\u015bci narodowych i etnicznych oraz j\u0119zyka regionalnego,<\/li>\n<li>k) prowadzenie dzia\u0142alno\u015bci na rzecz integracji cudzoziemc\u00f3w narodowo\u015bci tureckiej oraz integracji ich z obywatelami polskimi,<\/li>\n<li>l) wsp\u00f3lne tworzenie i prowadzenie projekt\u00f3w w powy\u017cszym zakresie we wsp\u00f3\u0142pracy z innymi krajami Unii Europejskiej.<\/li>\n<\/ol>\n<p>Realizuj\u0105c swoje za\u0142o\u017cenia, Stowarzyszenie TURKPOL przetwarza dane osobowe w nast\u0119puj\u0105cych celach:<\/p>\n<table>\n<tbody>\n<tr>\n<td>\n<p>Cel przetwarzania: <\/p>\n<\/td>\n<td>\n<p>Podstawa prawna oraz okres przechowywania danych: <\/p>\n<\/td>\n<td>\n<p>Prawnie uzasadniony interes<\/p>\n<p>(art. 6 ust. 1 lit. f RODO),<\/p>\n<p>je\u015bli wyst\u0119puje: <\/p>\n<\/td>\n<\/tr>\n<tr>\n<td>\n<p>Dzia\u0142ania zmierzaj\u0105ce do zawarcia i realizacji um\u00f3w cz\u0142onkowskich, jak r\u00f3wnie\u017c um\u00f3w z klientem lub kontrahentem, w zakresie dzia\u0142alno\u015bci Stowarzyszenia TURKPOL, w tym w celu prowadzenia szkole\u0144, organizacji konferencji, workshop\u00f3w, webinar\u00f3w i innych wydarze\u0144.<\/p>\n<\/td>\n<td>\n<p>art. 6 ust. 1 lit. b<\/p>\n<p>(dot. klient\u00f3w);<\/p>\n<p>art. 6 ust. 1 lit. f RODO<\/p>\n<p>(dot. os\u00f3b wsp\u00f3\u0142pracuj\u0105cych ze Stowarzyszeniem TURKPOL w imieniu klienta\/kontrahenta). <\/p>\n<\/td>\n<td>\n<p>Potrzeba kontaktu z klientami \/ pracownikami \/ wsp\u00f3\u0142pracownikami klient\u00f3w i kontrahent\u00f3w w zwi\u0105zku z dzia\u0142aniami podj\u0119tymi w celu zawarcia umowy lub jej realizacji. <\/p>\n<\/td>\n<\/tr>\n<tr>\n<td>\n<p>Rozpatrywanie skarg, wniosk\u00f3w i reklamacji.<\/p>\n<\/td>\n<td>\n<p>art. 6 ust. 1 lit. b, c oraz f RODO<\/p>\n<p>Przez czas trwania umowy lub do czasu up\u0142ywu r\u0119kojmi lub rozliczenia reklamacji. <\/p>\n<\/td>\n<td>\n<p>Potrzeba kontaktu z pracownikami \/wsp\u00f3\u0142pracownikami klient\u00f3w w zwi\u0105zku z rozpatrywaniem skarg, wniosk\u00f3w i reklamacji. <\/p>\n<\/td>\n<\/tr>\n<tr>\n<td>\n<p>Ustalenie, dochodzenie i obrona roszcze\u0144.<\/p>\n<\/td>\n<td>\n<p>art. 6 ust. 1 lit. f RODO<\/p>\n<p>Przez czas do up\u0142ywu termin\u00f3w przedawnienia roszcze\u0144 wynikaj\u0105cych z umowy \u2013 zgodnie z obowi\u0105zuj\u0105cymi przepisami prawa.<\/p>\n<\/td>\n<td>\n<p>Przetwarzanie danych klient\u00f3w lub kontrahent\u00f3w i ich pracownik\u00f3w \/wsp\u00f3\u0142pracownik\u00f3w w zwi\u0105zku z ustaleniem, dochodzeniem i obron\u0105 roszcze\u0144.<\/p>\n<\/td>\n<\/tr>\n<tr>\n<td>\n<p>Rozpatrywanie skarg, wniosk\u00f3w i reklamacji.<\/p>\n<\/td>\n<td>\n<p>art. 6 ust. 1 lit. b, c oraz f RODO<\/p>\n<p>Przez czas do wyga\u015bni\u0119cia obowi\u0105zk\u00f3w dotycz\u0105cych przechowywania danych, wynikaj\u0105cych z przepis\u00f3w prawa, w szczeg\u00f3lno\u015bci przechowywania dokument\u00f3w ksi\u0119gowych (co do zasady przez 5 lat po roku, w kt\u00f3rym wyst\u0105pi\u0142o zdarzenie prawne, kt\u00f3re obligowa\u0142o do wystawienia dokumentu ksi\u0119gowego).<\/p>\n<\/td>\n<td> <\/td>\n<\/tr>\n<tr>\n<td>\n<p>Prowadzenie statystyk<\/p>\n<\/td>\n<td>\n<p>art. 6 ust. 1 lit. f RODO<\/p>\n<p>Przez czas prowadzenia innej, wskazanej w niniejszej tabeli operacji przetwarzania. Nie przechowujemy danych osobowych wy\u0142\u0105cznie do cel\u00f3w statystycznych.  <\/p>\n<\/td>\n<td>\n<p>Usprawnienie prowadzonej dzia\u0142alno\u015bci dzi\u0119ki wnioskom wyci\u0105gni\u0119tym na podstawie dzia\u0142a\u0144 statystycznych. <\/p>\n<\/td>\n<\/tr>\n<tr>\n<td>\n<p>Prowadzenie dzia\u0142a\u0144 marketingowych (w tym przy wykorzystaniu \u015brodk\u00f3w komunikacji elektronicznej).<\/p>\n<\/td>\n<td>\n<p>art. 6 ust. 1 lit. f RODO<\/p>\n<p>art. 6 ust. 1 lit. f RODO W przypadku prowadzenia marketingu z wykorzystaniem numeru telefonu lub adresu e-mail administrator uzyska zgod\u0119 na kana\u0142 komunikacji zgodnie z ustaw\u0105 o \u015bwiadczeniu us\u0142ug drog\u0105 elektroniczn\u0105 lub ustaw\u0105 \u2013 Prawo telekomunikacyjne. Do czasu wniesienia sprzeciwu, czyli okazania nam w dowolny spos\u00f3b, \u017ce nie chcesz pozostawa\u0107 z nami w kontakcie ani otrzymywa\u0107 informacji o podejmowanych przez nas dzia\u0142aniach, ewentualnie do czasu przedawnienia roszcze\u0144.  <\/p>\n<\/td>\n<td>\n<p>Prowadzenie dzia\u0142a\u0144 marketingowych promuj\u0105cych produkty i us\u0142ugi.<\/p>\n<\/td>\n<\/tr>\n<tr>\n<td>\n<p>Przetwarzanie danych w ramach profilu Stowarzyszenia TURKPOL na portalach spo\u0142eczno\u015bciowych.<\/p>\n<\/td>\n<td>\n<p>art. 6 ust. 1 lit. f RODO<\/p>\n<p>Dane s\u0105 wsp\u00f3\u0142administrowane przez Stowarzyszenie TURKPOL i portale spo\u0142eczno\u015bciowe.<\/p>\n<p>Dane b\u0119d\u0105 przetwarzane do czasu wniesienia sprzeciwu wobec przetwarzania danych. <\/p>\n<\/td>\n<td>\n<p>Prowadzenie bie\u017c\u0105cej korespondencji przy wykorzystaniu narz\u0119dzi dostarczonych przez portale spo\u0142eczno\u015bciowe, w tym komunikatory, oraz prowadzenie innych dzia\u0142a\u0144 marketingowych.<\/p>\n<\/td>\n<\/tr>\n<tr>\n<td>\n<p>Przetwarzanie plik\u00f3w cookies.<\/p>\n<\/td>\n<td>\n<p>art. 6 ust. 1 lit. f RODO<\/p>\n<p>Administrator korzysta z niezb\u0119dnych plik\u00f3w cookie, w celu umo\u017cliwienia dzia\u0142ania podstawowych funkcji strony. Ponadto, w przypadku prowadzenia bada\u0144 statystycznych, marketingu b\u0105d\u017a zapisywania preferencji u\u017cytkownika z wykorzystaniem plik\u00f3w cookies, administrator uzyska zgod\u0119 na zapisanie plik\u00f3w cookies na urz\u0105dzeniu u\u017cytkownika. <\/p>\n<p>W takim przypadku dane b\u0119d\u0105 przetwarzane przez okresy wskazane w Polityce plik\u00f3w cookies lub do czasu wniesienia sprzeciwu wobec przetwarzania danych.<\/p>\n<p>Wyra\u017cenie sprzeciwu mo\u017ce nast\u0105pi\u0107 jedynie przez klikni\u0119cie opcji \u201eZmie\u0144 zgody ciasteczek\u201d. <\/p>\n<\/td>\n<td>\n<p>Umo\u017cliwienie dzia\u0142ania podstawowych funkcji strony. Dostosowanie tre\u015bci stron internetowych do potrzeb u\u017cytkownik\u00f3w, w tym w celach marketingowych, statystycznych, optymalizacja korzystania z serwis\u00f3w internetowych <\/p>\n<\/td>\n<\/tr>\n<\/tbody>\n<\/table>\n<h3 style=\"text-align: center;\">Odbiorcy danych<\/h3>\n<p>W zwi\u0105zku z prowadzon\u0105 dzia\u0142alno\u015bci\u0105 Stowarzyszenie TURKPOL b\u0119dzie ujawnia\u0107 Twoje dane osobowe nast\u0119puj\u0105cym podmiotom:<\/p>\n<ol>\n<li>a) osobom prowadz\u0105cym dzia\u0142alno\u015b\u0107 gospodarcz\u0105 wsp\u00f3\u0142pracuj\u0105cym ze Stowarzyszeniem TURKPOL w zakresie us\u0142ug konsultingowych oraz trenerom w zakresie przeprowadzenia szkole\u0144, organizacji konferencji, workshop\u00f3w, webinar\u00f3w i innych wydarze\u0144,<\/li>\n<li>organom pa\u0144stwowym lub innym podmiotom uprawnionym na podstawie przepis\u00f3w prawa,<\/li>\n<li>podmiotom wspieraj\u0105cym Stowarzyszenie TURKPOL w prowadzonej dzia\u0142alno\u015bci, w szczeg\u00f3lno\u015bci: dostawcom zewn\u0119trznych system\u00f3w teleinformatycznych wspomagaj\u0105cym dzia\u0142alno\u015b\u0107 Stowarzyszenia TURKPOL, w tym firmie Microsoft, podmiotom audytuj\u0105cym, podmiotowi \u015bwiadcz\u0105cemu us\u0142ugi ksi\u0119gowe lub podmiotom wsp\u00f3\u0142pracuj\u0105cym ze Stowarzyszeniem TURKPOL w ramach kampanii marketingowych, przy czym takie podmioty b\u0119d\u0105 przetwarza\u0107 dane na podstawie umowy ze Stowarzyszeniem TURKPOL i wy\u0142\u0105cznie zgodnie z wydanymi poleceniami,<\/li>\n<li>dostawcy us\u0142ug p\u0142atniczych w rozumieniu ustawy z dnia 19 sierpnia 2011 r. o us\u0142ugach p\u0142atniczych, a tak\u017ce bankom, w przypadku konieczno\u015bci prowadzenia rozlicze\u0144,<\/li>\n<li>w przypadku kandydat\u00f3w do pracy \u2013 r\u00f3wnie\u017c internetowym portalom rekrutacyjnym.<\/li>\n<\/ol>\n<h3 style=\"text-align: center;\">Uprawnienia w zakresie przetwarzanych danych i dobrowolno\u015b\u0107 ich podania<\/h3>\n<ol>\n<li>Ka\u017cdej osobie, kt\u00f3rej dane s\u0105 przetwarzane przez Stowarzyszenie TURKPOL, przys\u0142uguje prawo do:<\/li>\n<li>dost\u0119pu do swoich danych oraz otrzymania ich kopii,<\/li>\n<li>sprostowania (poprawiania) swoich danych,<\/li>\n<li>usuni\u0119cia swoich danych,<\/li>\n<li>ograniczenia przetwarzania swoich danych,<\/li>\n<li>przenoszenia swoich danych \u2013 je\u015bli podstaw\u0105 prawn\u0105 ich przetwarzania jest zgoda (art. 6 ust. 1 lit. a lub art. 9 ust. 2 lit. a RODO) lub umowa (art. 6 ust. 1 lit. b RODO),<\/li>\n<li>wniesienia sprzeciwu wobec przetwarzania jej danych osobowych \u2013 je\u015bli podstaw\u0105 prawn\u0105 ich przetwarzania jest prawnie uzasadniony interes (art. 6 ust. 1 lit. f RODO).<\/li>\n<li>cofni\u0119cia zgody w dowolnym momencie, bez wp\u0142ywu na zgodno\u015b\u0107 z prawem przetwarzania, kt\u00f3rego dokonano na podstawie zgody przed jej cofni\u0119ciem.<\/li>\n<li>Wi\u0119cej informacji o prawach przys\u0142uguj\u0105cych osobom, kt\u00f3rych dane dotycz\u0105, zawieraj\u0105 przepisy art. 12\u201323 RODO.<\/li>\n<li>Ponadto osobie, kt\u00f3rej dane s\u0105 przetwarzane przez Stowarzyszenie TURKPOL, przys\u0142uguje prawo wniesienia skargi do organu nadzorczego, tj. Prezesa Urz\u0119du Ochrony Danych Osobowych.<\/li>\n<\/ol>\n<p>Wi\u0119cej informacji pod adresem: https:\/\/uodo.gov.pl\/pl\/p\/skargi.<\/p>\n<h3 style=\"text-align: center;\">Czy musisz podawa\u0107 Stowarzyszeniu TURKPOL swoje dane osobowe?<\/h3>\n<ol>\n<li>Podanie danych jest niezb\u0119dne do zawarcia um\u00f3w i rozliczenia dzia\u0142alno\u015bci oraz wywi\u0105zania si\u0119 przez Stowarzyszenie TURKPOL z wymog\u00f3w prawa. Oznacza to, \u017ce je\u015bli chcesz uczestniczy\u0107 w dzia\u0142alno\u015bci Stowarzyszenia TURKPOL musisz poda\u0107 swoje dane osobowe. <\/li>\n<li>Je\u015bli Tw\u00f3j pracodawca lub inny podmiot wskaza\u0142 Ci\u0119 jako osob\u0119 kontaktow\u0105 w zwi\u0105zku z zawarciem\/realizacj\u0105 umowy ze Stowarzyszeniem TURKPOL, Twoje dane b\u0119d\u0105 przetwarzane w zakresie ujawnionym przez ten podmiot (standardowo jest to imi\u0119, nazwisko, stanowisko, adres e-mail i nr telefonu).<\/li>\n<li>W pozosta\u0142ym zakresie (w szczeg\u00f3lno\u015bci chodzi o przetwarzanie danych przez Stowarzyszenie TURKPOL w celach marketingowych) podanie danych jest dobrowolne.<\/li>\n<\/ol>\n<h3 style=\"text-align: center;\">Przekazywanie danych do pa\u0144stw trzecich<\/h3>\n<ol>\n<li>Dane osobowe co do zasady nie b\u0119d\u0105 przekazywane poza Europejski Obszar Gospodarczy (dalej: \u201eEOG\u201d). Maj\u0105c jednak na uwadze \u015bwiadczenie us\u0142ug przez naszych podwykonawc\u00f3w przy realizacji wsparcia dla us\u0142ug teleinformatycznych oraz infrastruktury IT, Stowarzyszenie TURKPOL mo\u017ce zleca\u0107 wykonywanie okre\u015blonych czynno\u015bci b\u0105d\u017a zada\u0144 informatycznych uznanym podwykonawcom dzia\u0142aj\u0105cym poza EOG, co mo\u017ce powodowa\u0107 przekazanie Twoich danych poza obszar EOG. <\/li>\n<li>2. Zgodnie z decyzj\u0105 Komisji Europejskiej pa\u0144stwa odbiorc\u00f3w spoza EOG zapewniaj\u0105 odpowiedni stopie\u0144 ochrony danych osobowych zgodny ze standardami EOG. Decyzja wydana przez Komisj\u0119 wobec USA obejmuje firmy uczestnicz\u0105ce w programie Data Privacy Framework. Stowarzyszenie TURKPOL wsp\u00f3\u0142pracuje jedynie z firmami uczestnicz\u0105cymi w tym programie. Wi\u0119cej informacji: https:\/\/www.dataprivacyframework.gov\/s\/   <\/li>\n<li>3. Zastosowany przez Stowarzyszenie TURKPOL spos\u00f3b zabezpieczenia Twoich danych jest zgodny z zasadami przewidzianymi w rozdziale V RODO. Mo\u017cesz za\u017c\u0105da\u0107 dalszych informacji o zabezpieczeniach stosowanych w tym zakresie, uzyska\u0107 kopi\u0119 tych zabezpiecze\u0144 oraz dowiedzie\u0107 si\u0119, w jakich w miejscach s\u0105 udost\u0119pniane. <\/li>\n<\/ol>\n<h3>Przetwarzanie danych osobowych w spos\u00f3b zautomatyzowany<\/h3>\n<p>Twoje dane osobowe nie b\u0119d\u0105 wykorzystywane w celu zautomatyzowanego podejmowania decyzji (w tym w formie profilowania) w ten spos\u00f3b, \u017ce w wyniku takiego zautomatyzowanego przetwarzania mog\u0142yby zapada\u0107 jakiekolwiek decyzje, kt\u00f3re wywo\u0142a\u0142yby skutki prawne lub w podobny spos\u00f3b wp\u0142ywa\u0142yby na jakiekolwiek skutki wobec klient\u00f3w, kontrahent\u00f3w, ich pracownik\u00f3w lub wsp\u00f3\u0142pracownik\u00f3w, jak r\u00f3wnie\u017c pracownik\u00f3w lub wsp\u00f3\u0142pracownik\u00f3w administratora czy kandydat\u00f3w do pracy.<\/p>\n\t\t\t\t\t\t\t\t<\/div>\n\t\t\t\t<\/div>\n\t\t\t\t\t<\/div>\n\t\t<\/div>\n\t\t\t\t\t<\/div>\n\t\t<\/section>\n\t\t\t\t<\/div>\n\t\t","protected":false},"excerpt":{"rendered":"<p>Informacje wst\u0119pne 1. Szanuj\u0105c prawo do prywatno\u015bci os\u00f3b, kt\u00f3re powierzy\u0142y STOWARZYSZENIU KULTURY I WSP\u00d3\u0141PRACY POLSKO-TURECKIEJ TURKPOL z siedzib\u0105 w Warszawie,&hellip;<\/p>\n","protected":false},"author":130,"featured_media":0,"parent":0,"menu_order":0,"comment_status":"closed","ping_status":"closed","template":"","meta":{"_bbp_topic_count":0,"_bbp_reply_count":0,"_bbp_total_topic_count":0,"_bbp_total_reply_count":0,"_bbp_voice_count":0,"_bbp_anonymous_reply_count":0,"_bbp_topic_count_hidden":0,"_bbp_reply_count_hidden":0,"_bbp_forum_subforum_count":0,"pmpro_default_level":"","_price":"","_stock":"","_tribe_ticket_header":"","_tribe_default_ticket_provider":"","_tribe_ticket_capacity":"0","_ticket_start_date":"","_ticket_end_date":"","_tribe_ticket_show_description":"","_tribe_ticket_show_not_going":false,"_tribe_ticket_use_global_stock":"","_tribe_ticket_global_stock_level":"","_global_stock_mode":"","_global_stock_cap":"","_tribe_rsvp_for_event":"","_tribe_ticket_going_count":"","_tribe_ticket_not_going_count":"","_tribe_tickets_list":"[]","_tribe_ticket_has_attendee_info_fields":false,"footnotes":"","_tec_slr_enabled":"","_tec_slr_layout":""},"class_list":["post-11225","page","type-page","status-publish","hentry","pmpro-has-access"],"ticketed":false,"_links":{"self":[{"href":"https:\/\/turkpol.org.pl\/pl\/wp-json\/wp\/v2\/pages\/11225","targetHints":{"allow":["GET"]}}],"collection":[{"href":"https:\/\/turkpol.org.pl\/pl\/wp-json\/wp\/v2\/pages"}],"about":[{"href":"https:\/\/turkpol.org.pl\/pl\/wp-json\/wp\/v2\/types\/page"}],"author":[{"embeddable":true,"href":"https:\/\/turkpol.org.pl\/pl\/wp-json\/wp\/v2\/users\/130"}],"replies":[{"embeddable":true,"href":"https:\/\/turkpol.org.pl\/pl\/wp-json\/wp\/v2\/comments?post=11225"}],"version-history":[{"count":13,"href":"https:\/\/turkpol.org.pl\/pl\/wp-json\/wp\/v2\/pages\/11225\/revisions"}],"predecessor-version":[{"id":12385,"href":"https:\/\/turkpol.org.pl\/pl\/wp-json\/wp\/v2\/pages\/11225\/revisions\/12385"}],"wp:attachment":[{"href":"https:\/\/turkpol.org.pl\/pl\/wp-json\/wp\/v2\/media?parent=11225"}],"curies":[{"name":"wp","href":"https:\/\/api.w.org\/{rel}","templated":true}]}}