{"id":12416,"date":"2021-11-16T15:03:45","date_gmt":"2021-11-16T15:03:45","guid":{"rendered":"https:\/\/turkpol.org.pl\/konto-czlonkowskie\/poziomy-czlonkostwa\/"},"modified":"2026-03-09T20:52:35","modified_gmt":"2026-03-09T20:52:35","slug":"poziomy-czlonkostwa","status":"publish","type":"page","link":"https:\/\/turkpol.org.pl\/pl\/konto-czlonkowskie\/poziomy-czlonkostwa\/","title":{"rendered":"Poziomy cz\u0142onkostwa"},"content":{"rendered":"\t\t<div data-elementor-type=\"wp-page\" data-elementor-id=\"12416\" class=\"elementor elementor-12416 elementor-2858\" data-elementor-post-type=\"page\">\n\t\t\t\t\t\t<section class=\"elementor-section elementor-top-section elementor-element elementor-element-7b848c4 elementor-section-boxed elementor-section-height-default elementor-section-height-default sc_fly_static\" data-id=\"7b848c4\" data-element_type=\"section\" data-e-type=\"section\">\n\t\t\t\t\t\t<div class=\"elementor-container elementor-column-gap-extended\">\n\t\t\t\t\t<div class=\"elementor-column elementor-col-100 elementor-top-column elementor-element elementor-element-2ecbaff sc_content_align_inherit sc_layouts_column_icons_position_left sc_fly_static\" data-id=\"2ecbaff\" data-element_type=\"column\" data-e-type=\"column\">\n\t\t\t<div class=\"elementor-widget-wrap elementor-element-populated\">\n\t\t\t\t\t\t<div class=\"elementor-element elementor-element-b2e8f57 sc_fly_static elementor-widget elementor-widget-text-editor\" data-id=\"b2e8f57\" data-element_type=\"widget\" data-e-type=\"widget\" data-widget_type=\"text-editor.default\">\n\t\t\t\t<div class=\"elementor-widget-container\">\n\t\t\t\t\t\t\t\t\t<h6><strong>Dlaczego warto wybra\u0107 cz\u0142onkostwo TURKPOL?<\/strong><\/h6><p>\u2728 <span style=\"text-decoration: underline;\"><strong>Dost\u0119p do ekskluzywnych zasob\u00f3w:<\/strong><\/span> Odblokuj skarbnic\u0119 ekskluzywnych zasob\u00f3w, warsztat\u00f3w i wydarze\u0144 dostosowanych do Twoich zainteresowa\u0144.<\/p><p>\u2728 <span style=\"text-decoration: underline;\"><strong>Mo\u017cliwo\u015bci sieciowe:<\/strong><\/span> Nawi\u0105\u017c kontakt z profesjonalistami, innymi studentami i przedsi\u0119biorcami w naszej zr\u00f3\u017cnicowanej spo\u0142eczno\u015bci.<\/p><p>\u2728 <span style=\"text-decoration: underline;\"><strong>Empower Cultural Exchange:<\/strong><\/span> Be part of initiatives that promote Turkish culture in Poland and foster cross-cultural understanding.<\/p><p>\u2728 <span style=\"text-decoration: underline;\"><strong>Rozw\u00f3j osobisty:<\/strong><\/span> Uzyskaj dost\u0119p do warsztat\u00f3w, seminari\u00f3w i program\u00f3w mentorskich, aby usprawni\u0107 sw\u00f3j rozw\u00f3j osobisty i zawodowy.<\/p><h6><strong>Jak Twoje cz\u0142onkostwo wspiera TURKPOL:<\/strong><\/h6><p>\ud83d\udca1 <span style=\"text-decoration: underline;\"><strong>Budowanie spo\u0142eczno\u015bci:<\/strong><\/span> Twoje wsparcie bezpo\u015brednio przyczynia si\u0119 do wzrostu i \u017cywotno\u015bci naszej spo\u0142eczno\u015bci, umo\u017cliwiaj\u0105c nam organizowanie r\u00f3\u017cnorodnych i wzbogacaj\u0105cych wydarze\u0144.<\/p><p>\ud83d\udca1 <span style=\"text-decoration: underline;\"><strong>Inicjatywy edukacyjne:<\/strong><\/span> Fundusze z cz\u0142onkostwa zasilaj\u0105 programy edukacyjne, warsztaty i inicjatywy, z kt\u00f3rych korzystaj\u0105 cz\u0142onkowie wszystkich naszych klub\u00f3w.<\/p><p>\ud83d\udca1 <span style=\"text-decoration: underline;\"><strong>Widoczno\u015b\u0107 i wp\u0142yw:<\/strong><\/span> Jako cz\u0142onek odgrywasz kluczow\u0105 rol\u0119 w zwi\u0119kszaniu widoczno\u015bci i wp\u0142ywu TURKPOL-u, zar\u00f3wno w spo\u0142eczno\u015bci tureckiej, jak i poza ni\u0105.<\/p><h6><strong>Wybierz cz\u0142onkostwo, kszta\u0142tuj przysz\u0142o\u015b\u0107:<\/strong><\/h6><p data-start=\"56\" data-end=\"508\">\ud83c\udf93 <strong data-start=\"59\" data-end=\"86\"><u>Cz\u0142onkostwo Studenckie:<\/u><\/strong> Przeznaczone dla student\u00f3w \u2013 zapewnia dost\u0119p do materia\u0142\u00f3w, wydarze\u0144 i warsztat\u00f3w skierowanych do student\u00f3w oraz mo\u017cliwo\u015bci networkingu. Op\u0142ata cz\u0142onkowska jest obni\u017cona, aby zach\u0119ci\u0107 student\u00f3w do aktywnego uczestnictwa w wydarzeniach przez ca\u0142y rok i wspiera\u0107 ich rozw\u00f3j osobisty oraz zawodowy. Wymagane jest przedstawienie wa\u017cnego dokumentu potwierdzaj\u0105cego status studenta. Wiek uczestnika musi by\u0107 <strong data-start=\"489\" data-end=\"507\">poni\u017cej 26 lat<\/strong>.<\/p><p data-start=\"510\" data-end=\"835\">\ud83c\udf10 <strong data-start=\"513\" data-end=\"541\"><u>Cz\u0142onkostwo Standardowe:<\/u><\/strong> Obejmuje pe\u0142en zakres korzy\u015bci, w tym priorytetow\u0105 rejestracj\u0119, dost\u0119p do wydarze\u0144 i warsztat\u00f3w organizowanych przez TURKPOL oraz mo\u017cliwo\u015b\u0107 uczestnictwa w ekskluzywnych inicjatywach spo\u0142eczno\u015bci. Ten pakiet przeznaczony jest dla <strong data-start=\"771\" data-end=\"834\">os\u00f3b pracuj\u0105cych oraz wszystkich os\u00f3b powy\u017cej 26 roku \u017cycia<\/strong>.<\/p><p data-start=\"837\" data-end=\"1201\">\ud83c\udfe2 <strong data-start=\"840\" data-end=\"864\"><u>Cz\u0142onkostwo Firmowe:<\/u><\/strong> Skierowane do firm i instytucji, kt\u00f3re chc\u0105 wspiera\u0107 spo\u0142eczno\u015b\u0107 TURKPOL oraz rozwija\u0107 swoj\u0105 sie\u0107 kontakt\u00f3w. Obejmuje mo\u017cliwo\u015b\u0107 promocji firmy podczas wydarze\u0144, udzia\u0142 w panelach biznesowych oraz wsp\u00f3\u0142prac\u0119 przy projektach. Cz\u0142onkowie firmowi posiadaj\u0105 status cz\u0142onk\u00f3w wspieraj\u0105cych i mog\u0105 uczestniczy\u0107 w spotkaniach z g\u0142osem doradczym.<\/p><p data-start=\"1203\" data-end=\"1548\">\ud83c\udf3f <strong data-start=\"1206\" data-end=\"1232\"><u>Cz\u0142onkostwo Bezp\u0142atne:<\/u><\/strong> Przeznaczone dla os\u00f3b, kt\u00f3re chc\u0105 pozosta\u0107 w kontakcie z nasz\u0105 spo\u0142eczno\u015bci\u0105 poprzez newsletter i og\u00f3lne informacje o wydarzeniach. Ten rodzaj cz\u0142onkostwa nie obejmuje prawa g\u0142osu w Walnym Zgromadzeniu, mo\u017cliwo\u015bci kandydowania do zarz\u0105du ani bezp\u0142atnego udzia\u0142u w wydarzeniach przeznaczonych wy\u0142\u0105cznie dla cz\u0142onk\u00f3w.<\/p><p data-start=\"1550\" data-end=\"1709\" data-is-last-node=\"\" data-is-only-node=\"\"><strong data-start=\"1550\" data-end=\"1560\">Uwaga:<\/strong> Tylko <strong data-start=\"1567\" data-end=\"1616\">cz\u0142onkostwa p\u0142atne (Studenckie i Standardowe)<\/strong> daj\u0105 prawo g\u0142osu na Walnym Zgromadzeniu oraz mo\u017cliwo\u015b\u0107 kandydowania do w\u0142adz stowarzyszenia.<\/p><p>Do\u0142\u0105cz do TURKPOL ju\u017c dzi\u015b i b\u0105d\u017a katalizatorem pozytywnych zmian! Twoje wsparcie nie tylko wzbogaci Twoje osobiste do\u015bwiadczenia, ale tak\u017ce przyczyni si\u0119 do zbiorowego rozwoju i sukcesu naszej t\u0119tni\u0105cej \u017cyciem spo\u0142eczno\u015bci.<\/p><p><strong>Razem budujemy, wzmacniamy i rozwijamy si\u0119. \ud83d\ude80<\/strong><\/p><p><strong><u>Po zako\u0144czeniu rejestracji otrzymasz od nas e-mail! Wykonaj kolejne kroki! <\/u><\/strong><\/p>\t\t\t\t\t\t\t\t<\/div>\n\t\t\t\t<\/div>\n\t\t\t\t\t<\/div>\n\t\t<\/div>\n\t\t\t\t\t<\/div>\n\t\t<\/section>\n\t\t\t\t<section class=\"elementor-section elementor-top-section elementor-element elementor-element-4dc94c4 elementor-section-boxed elementor-section-height-default elementor-section-height-default sc_fly_static\" data-id=\"4dc94c4\" data-element_type=\"section\" data-e-type=\"section\">\n\t\t\t\t\t\t<div class=\"elementor-container elementor-column-gap-extended\">\n\t\t\t\t\t<div class=\"elementor-column elementor-col-100 elementor-top-column elementor-element elementor-element-115354f sc_content_align_inherit sc_layouts_column_icons_position_left sc_fly_static\" data-id=\"115354f\" data-element_type=\"column\" data-e-type=\"column\">\n\t\t\t<div class=\"elementor-widget-wrap elementor-element-populated\">\n\t\t\t\t\t\t<div class=\"elementor-element elementor-element-ce6cfa2 sc_fly_static elementor-widget elementor-widget-trx_sc_price\" data-id=\"ce6cfa2\" data-element_type=\"widget\" data-e-type=\"widget\" data-widget_type=\"trx_sc_price.default\">\n\t\t\t\t<div class=\"elementor-widget-container\">\n\t\t\t\t\t<div  \n\tclass=\"sc_price sc_price_default\" ><div class=\"sc_price_columns_wrap sc_item_columns trx_addons_columns_wrap columns_padding_bottom columns_in_single_row\" ><div class=\"trx_addons_column-1_4\"><div class=\"sc_price_item sc_price_item_default\" >\n\t\t\t<div class=\"sc_price_item_info\"><h6 class=\"sc_price_item_subtitle\"><span>Bezp\u0142atne cz\u0142onkostwo<\/span><\/h6><div class=\"sc_price_item_price\"><span class=\"sc_price_item_price_value\">-<\/span><\/div><a href=\"https:\/\/forms.office.com\/e\/rrTqq6MFDR\" class=\"sc_price_item_link sc_button\" target=\"_blank\">Select<\/a><\/div><\/div><\/div><div class=\"trx_addons_column-1_4\"><div class=\"sc_price_item sc_price_item_default\" >\n\t\t\t<div class=\"sc_price_item_info\"><h6 class=\"sc_price_item_subtitle\"><span>Student<\/span><\/h6><div class=\"sc_price_item_price\"><span class=\"sc_price_item_price_before\">PLN <\/span><span class=\"sc_price_item_price_value\">120<\/span><span class=\"sc_price_item_price_after\">rocznie<\/span><\/div><a href=\"https:\/\/forms.office.com\/e\/egJzvPm3Mt\" class=\"sc_price_item_link sc_button\" target=\"_blank\">Select<\/a><\/div><\/div><\/div><div class=\"trx_addons_column-1_4\"><div class=\"sc_price_item sc_price_item_default\" >\n\t\t\t<div class=\"sc_price_item_info\"><h6 class=\"sc_price_item_subtitle\"><span>Standard<\/span><\/h6><div class=\"sc_price_item_price\"><span class=\"sc_price_item_price_before\">PLN <\/span><span class=\"sc_price_item_price_value\">600<\/span><span class=\"sc_price_item_price_after\">rocznie<\/span><\/div><a href=\"https:\/\/forms.office.com\/e\/1c1cuHjhkg\" class=\"sc_price_item_link sc_button\" target=\"_blank\">Select<\/a><\/div><\/div><\/div><div class=\"trx_addons_column-1_4\"><div class=\"sc_price_item sc_price_item_default\" >\n\t\t\t<div class=\"sc_price_item_info\"><h6 class=\"sc_price_item_subtitle\"><span>Rejestracja korporacyjna<\/span><\/h6><div class=\"sc_price_item_price\"><span class=\"sc_price_item_price_before\">PLN <\/span><span class=\"sc_price_item_price_value\">1200<\/span><span class=\"sc_price_item_price_after\">rocznie<\/span><\/div><a href=\"https:\/\/forms.office.com\/e\/nV9JFjPumW\" class=\"sc_price_item_link sc_button\" target=\"_blank\">Select<\/a><\/div><\/div><\/div><\/div><\/div>\t\t\t\t<\/div>\n\t\t\t\t<\/div>\n\t\t\t\t\t<\/div>\n\t\t<\/div>\n\t\t\t\t\t<\/div>\n\t\t<\/section>\n\t\t\t\t<\/div>\n\t\t","protected":false},"excerpt":{"rendered":"<p>Dlaczego warto wybra\u0107 cz\u0142onkostwo TURKPOL? \u2728 Dost\u0119p do ekskluzywnych zasob\u00f3w: Odblokuj skarbnic\u0119 ekskluzywnych zasob\u00f3w, warsztat\u00f3w i wydarze\u0144 dostosowanych do Twoich&hellip;<\/p>\n","protected":false},"author":1,"featured_media":0,"parent":12404,"menu_order":0,"comment_status":"closed","ping_status":"closed","template":"","meta":{"_bbp_topic_count":0,"_bbp_reply_count":0,"_bbp_total_topic_count":0,"_bbp_total_reply_count":0,"_bbp_voice_count":0,"_bbp_anonymous_reply_count":0,"_bbp_topic_count_hidden":0,"_bbp_reply_count_hidden":0,"_bbp_forum_subforum_count":0,"pmpro_default_level":"","_price":"","_stock":"","_tribe_ticket_header":"","_tribe_default_ticket_provider":"","_tribe_ticket_capacity":"0","_ticket_start_date":"","_ticket_end_date":"","_tribe_ticket_show_description":"","_tribe_ticket_show_not_going":false,"_tribe_ticket_use_global_stock":"","_tribe_ticket_global_stock_level":"","_global_stock_mode":"","_global_stock_cap":"","_tribe_rsvp_for_event":"","_tribe_ticket_going_count":"","_tribe_ticket_not_going_count":"","_tribe_tickets_list":"[]","_tribe_ticket_has_attendee_info_fields":false,"footnotes":"","_tec_slr_enabled":"","_tec_slr_layout":""},"class_list":["post-12416","page","type-page","status-publish","hentry","pmpro-has-access"],"ticketed":false,"_links":{"self":[{"href":"https:\/\/turkpol.org.pl\/pl\/wp-json\/wp\/v2\/pages\/12416","targetHints":{"allow":["GET"]}}],"collection":[{"href":"https:\/\/turkpol.org.pl\/pl\/wp-json\/wp\/v2\/pages"}],"about":[{"href":"https:\/\/turkpol.org.pl\/pl\/wp-json\/wp\/v2\/types\/page"}],"author":[{"embeddable":true,"href":"https:\/\/turkpol.org.pl\/pl\/wp-json\/wp\/v2\/users\/1"}],"replies":[{"embeddable":true,"href":"https:\/\/turkpol.org.pl\/pl\/wp-json\/wp\/v2\/comments?post=12416"}],"version-history":[{"count":4,"href":"https:\/\/turkpol.org.pl\/pl\/wp-json\/wp\/v2\/pages\/12416\/revisions"}],"predecessor-version":[{"id":12834,"href":"https:\/\/turkpol.org.pl\/pl\/wp-json\/wp\/v2\/pages\/12416\/revisions\/12834"}],"up":[{"embeddable":true,"href":"https:\/\/turkpol.org.pl\/pl\/wp-json\/wp\/v2\/pages\/12404"}],"wp:attachment":[{"href":"https:\/\/turkpol.org.pl\/pl\/wp-json\/wp\/v2\/media?parent=12416"}],"curies":[{"name":"wp","href":"https:\/\/api.w.org\/{rel}","templated":true}]}}