{"id":11164,"date":"2021-11-16T15:03:45","date_gmt":"2021-11-16T15:03:45","guid":{"rendered":"https:\/\/turkpol.org.pl\/uyelik-hesabi\/uyelik-kademeleri\/"},"modified":"2026-03-09T20:45:59","modified_gmt":"2026-03-09T20:45:59","slug":"uyelik-kademeleri","status":"publish","type":"page","link":"https:\/\/turkpol.org.pl\/tr\/uyelik-hesabi\/uyelik-kademeleri\/","title":{"rendered":"\u00dcyelik Kademeleri"},"content":{"rendered":"\t\t<div data-elementor-type=\"wp-page\" data-elementor-id=\"11164\" class=\"elementor elementor-11164 elementor-2858\" data-elementor-post-type=\"page\">\n\t\t\t\t\t\t<section class=\"elementor-section elementor-top-section elementor-element elementor-element-7b848c4 elementor-section-boxed elementor-section-height-default elementor-section-height-default sc_fly_static\" data-id=\"7b848c4\" data-element_type=\"section\" data-e-type=\"section\">\n\t\t\t\t\t\t<div class=\"elementor-container elementor-column-gap-extended\">\n\t\t\t\t\t<div class=\"elementor-column elementor-col-100 elementor-top-column elementor-element elementor-element-2ecbaff sc_content_align_inherit sc_layouts_column_icons_position_left sc_fly_static\" data-id=\"2ecbaff\" data-element_type=\"column\" data-e-type=\"column\">\n\t\t\t<div class=\"elementor-widget-wrap elementor-element-populated\">\n\t\t\t\t\t\t<div class=\"elementor-element elementor-element-b2e8f57 sc_fly_static elementor-widget elementor-widget-text-editor\" data-id=\"b2e8f57\" data-element_type=\"widget\" data-e-type=\"widget\" data-widget_type=\"text-editor.default\">\n\t\t\t\t<div class=\"elementor-widget-container\">\n\t\t\t\t\t\t\t\t\t<h6><strong>Neden TURKPOL \u00dcyeli\u011fi Tercih Etmelisiniz?<\/strong><\/h6><p>\u2728 <span style=\"text-decoration: underline;\"><strong>Se\u00e7kin Kanallara Eri\u015fim:<\/strong><\/span> \u0130lgi alanlar\u0131n\u0131za g\u00f6re uyarlanm\u0131\u015f \u00f6zel kanallar, at\u00f6lye \u00e7al\u0131\u015fmalar\u0131 ve etkinliklerden olu\u015fan bir hazinenin kilidini a\u00e7\u0131n.<\/p><p>\u2728 <span style=\"text-decoration: underline;\"><strong>A\u011f Olu\u015fturma Olanaklar\u0131:<\/strong><\/span> \u00c7e\u015fitlilik i\u00e7eren toplulu\u011fumuzdaki profesyoneller, di\u011fer \u00f6\u011frenciler ve giri\u015fimcilerle ba\u011flant\u0131 kurun.<\/p><p>\u2728 <span style=\"text-decoration: underline;\"><strong>K\u00fclt\u00fcrel De\u011fi\u015fimi Destekleyin:<\/strong><\/span> Polonya&#8217;da T\u00fcrk k\u00fclt\u00fcr\u00fcn\u00fc tan\u0131tan ve k\u00fclt\u00fcrler aras\u0131 anlay\u0131\u015f\u0131 te\u015fvik eden giri\u015fimlerin bir par\u00e7as\u0131 olun.<\/p><p>\u2728 <span style=\"text-decoration: underline;\"><strong>Ki\u015fisel Geli\u015fim:<\/strong><\/span> Ki\u015fisel ve mesleki geli\u015fiminizi art\u0131rmak i\u00e7in at\u00f6lye \u00e7al\u0131\u015fmalar\u0131na, seminerlere ve mentorluk programlar\u0131na eri\u015fim kazan\u0131n.<\/p><h6><strong>\u00dcyeli\u011finiz TURKPOL&#8217;\u00fc Nas\u0131l Destekliyor?<\/strong><\/h6><p>\ud83d\udca1 <span style=\"text-decoration: underline;\"><strong>Toplumsal Dayan\u0131\u015fma:<\/strong><\/span>Deste\u011finiz, toplulu\u011fumuzun b\u00fcy\u00fcmesine ve canl\u0131l\u0131\u011f\u0131na do\u011frudan katk\u0131da bulunarak \u00e7e\u015fitli ve zenginle\u015ftirici etkinlikler d\u00fczenlememizi sa\u011fl\u0131yor.<\/p><p>\ud83d\udca1 <span style=\"text-decoration: underline;\"><strong>E\u011fitim \u0130nisiyatifleri:<\/strong><\/span> \u00dcyeliklerden elde edilen kaynaklar, t\u00fcm kul\u00fcplerimizdeki \u00fcyelere fayda sa\u011flayan e\u011fitim programlar\u0131n\u0131, at\u00f6lye \u00e7al\u0131\u015fmalar\u0131n\u0131 ve giri\u015fimleri desteklemektedir.<\/p><p>\ud83d\udca1 <span style=\"text-decoration: underline;\"><strong>G\u00f6r\u00fcn\u00fcrl\u00fck ve Etki:<\/strong><\/span>Bir \u00fcye olarak, TURKPOL&#8217;\u00fcn hem T\u00fcrk toplumu i\u00e7inde hem de \u00f6tesinde g\u00f6r\u00fcn\u00fcrl\u00fc\u011f\u00fcn\u00fc ve etkisini art\u0131rmada \u00e7ok \u00f6nemli bir rol oynuyorsunuz.<\/p><h6><strong>\u00dcyeli\u011finizi Se\u00e7in, Gelece\u011fi \u015eekillendirin:<\/strong><\/h6><p data-start=\"59\" data-end=\"464\">\ud83c\udf93 <strong data-start=\"62\" data-end=\"82\"><u>\u00d6\u011frenci \u00dcyeli\u011fi:<\/u><\/strong> \u00d6\u011frenciler i\u00e7in \u00f6zel olarak haz\u0131rlanm\u0131\u015f bu \u00fcyelik; \u00f6\u011frenci odakl\u0131 i\u00e7eriklere, etkinliklere ve networking f\u0131rsatlar\u0131na eri\u015fim sa\u011flar. Y\u0131l boyunca etkinliklere kat\u0131l\u0131m\u0131 ve ki\u015fisel geli\u015fimi te\u015fvik etmek amac\u0131yla daha uygun bir \u00fccretle sunulmaktad\u0131r. \u00d6\u011frenci stat\u00fcn\u00fcz\u00fc do\u011frulamak i\u00e7in ge\u00e7erli bir \u00f6\u011frenci belgesi talep edilecektir. Ya\u015f\u0131n\u0131z\u0131n <strong data-start=\"421\" data-end=\"442\">26 ya\u015f\u0131ndan k\u00fc\u00e7\u00fck<\/strong> olmas\u0131 gerekmektedir.<\/p><p data-start=\"466\" data-end=\"750\">\ud83c\udf10 <strong data-start=\"469\" data-end=\"489\"><u>Standart \u00dcyelik:<\/u><\/strong> \u00d6ncelikli kay\u0131t, etkinliklere ve at\u00f6lyelere \u00fccretsiz veya \u00f6ncelikli kat\u0131l\u0131m, \u00f6zel i\u00e7eriklere eri\u015fim ve geni\u015f networking f\u0131rsatlar\u0131 gibi t\u00fcm avantajlardan yararlanabilirsiniz. Bu \u00fcyelik, <strong data-start=\"676\" data-end=\"735\">26 ya\u015f ve \u00fczerindeki \u00e7al\u0131\u015fan profesyoneller ve bireyler<\/strong> i\u00e7in uygundur.<\/p><p data-start=\"752\" data-end=\"1061\">\ud83c\udfe2 <strong data-start=\"755\" data-end=\"775\"><u>Kurumsal \u00dcyelik:<\/u><\/strong> \u015eirketler ve kurumlar i\u00e7in tasarlanm\u0131\u015f bu \u00fcyelik; toplulu\u011fumuza destek olma, etkinliklerde g\u00f6r\u00fcn\u00fcrl\u00fck sa\u011flama, i\u015f d\u00fcnyas\u0131 panellerine kat\u0131lma ve ortak projelerde yer alma f\u0131rsatlar\u0131 sunar. Kurumsal \u00fcyeler destekleyici \u00fcye stat\u00fcs\u00fcndedir ve toplant\u0131lara dan\u0131\u015fma hakk\u0131 ile kat\u0131labilirler.<\/p><p data-start=\"1063\" data-end=\"1341\">\ud83c\udf3f <strong data-start=\"1066\" data-end=\"1086\"><u>\u00dccretsiz \u00dcyelik:<\/u><\/strong> Toplulu\u011fumuzla ba\u011flant\u0131da kalmak isteyenler i\u00e7in sunulmaktad\u0131r. B\u00fcltenlerimizi ve duyurular\u0131m\u0131z\u0131 takip edebilirsiniz. Ancak bu \u00fcyelik; genel kurulda oy kullanma hakk\u0131, y\u00f6netim kurulu adayl\u0131\u011f\u0131 veya \u00fcyelere \u00f6zel etkinliklere \u00fccretsiz kat\u0131l\u0131m hakk\u0131 i\u00e7ermez.<\/p><p>Bug\u00fcn T\u00dcRKPOL&#8217;e kat\u0131l\u0131n ve olumlu de\u011fi\u015fimin kataliz\u00f6r\u00fc olun! Deste\u011finiz yaln\u0131zca ki\u015fisel deneyiminizi geli\u015ftirmekle kalm\u0131yor, ayn\u0131 zamanda canl\u0131 toplulu\u011fumuzun kolektif b\u00fcy\u00fcmesine ve ba\u015far\u0131s\u0131na da katk\u0131da bulunuyor.<\/p><p><strong>Birlikte in\u015fa ediyor, g\u00fc\u00e7lendiriyor ve geli\u015fiyoruz. \ud83d\ude80<\/strong><\/p>\t\t\t\t\t\t\t\t<\/div>\n\t\t\t\t<\/div>\n\t\t\t\t\t<\/div>\n\t\t<\/div>\n\t\t\t\t\t<\/div>\n\t\t<\/section>\n\t\t\t\t<section class=\"elementor-section elementor-top-section elementor-element elementor-element-83147dd elementor-section-boxed elementor-section-height-default elementor-section-height-default sc_fly_static\" data-id=\"83147dd\" data-element_type=\"section\" data-e-type=\"section\">\n\t\t\t\t\t\t<div class=\"elementor-container elementor-column-gap-extended\">\n\t\t\t\t\t<div class=\"elementor-column elementor-col-100 elementor-top-column elementor-element elementor-element-81c0328 sc_content_align_inherit sc_layouts_column_icons_position_left sc_fly_static\" data-id=\"81c0328\" data-element_type=\"column\" data-e-type=\"column\">\n\t\t\t<div class=\"elementor-widget-wrap elementor-element-populated\">\n\t\t\t\t\t\t<div class=\"elementor-element elementor-element-edeff21 sc_fly_static elementor-widget elementor-widget-trx_sc_price\" data-id=\"edeff21\" data-element_type=\"widget\" data-e-type=\"widget\" data-widget_type=\"trx_sc_price.default\">\n\t\t\t\t<div class=\"elementor-widget-container\">\n\t\t\t\t\t<div  \n\tclass=\"sc_price sc_price_default\" ><div class=\"sc_price_columns_wrap sc_item_columns trx_addons_columns_wrap columns_padding_bottom columns_in_single_row\" ><div class=\"trx_addons_column-1_4\"><div class=\"sc_price_item sc_price_item_default\" >\n\t\t\t<div class=\"sc_price_item_info\"><h6 class=\"sc_price_item_subtitle\"><span>\u00dccretsiz \u00dcyelik<\/span><\/h6><div class=\"sc_price_item_price\"><span class=\"sc_price_item_price_value\">-<\/span><\/div><a href=\"https:\/\/forms.office.com\/e\/rrTqq6MFDR\" class=\"sc_price_item_link sc_button\" target=\"_blank\">Se\u00e7<\/a><\/div><\/div><\/div><div class=\"trx_addons_column-1_4\"><div class=\"sc_price_item sc_price_item_default\" >\n\t\t\t<div class=\"sc_price_item_info\"><h6 class=\"sc_price_item_subtitle\"><span>\u00d6\u011frenci<\/span><\/h6><div class=\"sc_price_item_price\"><span class=\"sc_price_item_price_before\">PLN <\/span><span class=\"sc_price_item_price_value\">120<\/span><span class=\"sc_price_item_price_after\">Y\u0131ll\u0131k<\/span><\/div><a href=\"https:\/\/forms.office.com\/e\/egJzvPm3Mt\" class=\"sc_price_item_link sc_button\" target=\"_blank\">Se\u00e7<\/a><\/div><\/div><\/div><div class=\"trx_addons_column-1_4\"><div class=\"sc_price_item sc_price_item_default\" >\n\t\t\t<div class=\"sc_price_item_info\"><h6 class=\"sc_price_item_subtitle\"><span>Standart<\/span><\/h6><div class=\"sc_price_item_price\"><span class=\"sc_price_item_price_before\">PLN <\/span><span class=\"sc_price_item_price_value\">600<\/span><span class=\"sc_price_item_price_after\">Y\u0131ll\u0131k<\/span><\/div><a href=\"https:\/\/forms.office.com\/e\/1c1cuHjhkg\" class=\"sc_price_item_link sc_button\" target=\"_blank\">Se\u00e7<\/a><\/div><\/div><\/div><div class=\"trx_addons_column-1_4\"><div class=\"sc_price_item sc_price_item_default\" >\n\t\t\t<div class=\"sc_price_item_info\"><h6 class=\"sc_price_item_subtitle\"><span>Kurumsal Kay\u0131t<\/span><\/h6><div class=\"sc_price_item_price\"><span class=\"sc_price_item_price_before\">PLN <\/span><span class=\"sc_price_item_price_value\">1200<\/span><span class=\"sc_price_item_price_after\">Y\u0131ll\u0131k<\/span><\/div><a href=\"https:\/\/forms.office.com\/e\/nV9JFjPumW\" class=\"sc_price_item_link sc_button\" target=\"_blank\">Se\u00e7<\/a><\/div><\/div><\/div><\/div><\/div>\t\t\t\t<\/div>\n\t\t\t\t<\/div>\n\t\t\t\t\t<\/div>\n\t\t<\/div>\n\t\t\t\t\t<\/div>\n\t\t<\/section>\n\t\t\t\t<\/div>\n\t\t","protected":false},"excerpt":{"rendered":"<p>Neden TURKPOL \u00dcyeli\u011fi Tercih Etmelisiniz? \u2728 Se\u00e7kin Kanallara Eri\u015fim: \u0130lgi alanlar\u0131n\u0131za g\u00f6re uyarlanm\u0131\u015f \u00f6zel kanallar, at\u00f6lye \u00e7al\u0131\u015fmalar\u0131 ve etkinliklerden olu\u015fan&hellip;<\/p>\n","protected":false},"author":1,"featured_media":0,"parent":11153,"menu_order":0,"comment_status":"closed","ping_status":"closed","template":"","meta":{"_bbp_topic_count":0,"_bbp_reply_count":0,"_bbp_total_topic_count":0,"_bbp_total_reply_count":0,"_bbp_voice_count":0,"_bbp_anonymous_reply_count":0,"_bbp_topic_count_hidden":0,"_bbp_reply_count_hidden":0,"_bbp_forum_subforum_count":0,"pmpro_default_level":"","_price":"","_stock":"","_tribe_ticket_header":"","_tribe_default_ticket_provider":"","_tribe_ticket_capacity":"0","_ticket_start_date":"","_ticket_end_date":"","_tribe_ticket_show_description":"","_tribe_ticket_show_not_going":false,"_tribe_ticket_use_global_stock":"","_tribe_ticket_global_stock_level":"","_global_stock_mode":"","_global_stock_cap":"","_tribe_rsvp_for_event":"","_tribe_ticket_going_count":"","_tribe_ticket_not_going_count":"","_tribe_tickets_list":"[]","_tribe_ticket_has_attendee_info_fields":false,"footnotes":"","_tec_slr_enabled":"","_tec_slr_layout":""},"class_list":["post-11164","page","type-page","status-publish","hentry","pmpro-has-access"],"ticketed":false,"_links":{"self":[{"href":"https:\/\/turkpol.org.pl\/tr\/wp-json\/wp\/v2\/pages\/11164","targetHints":{"allow":["GET"]}}],"collection":[{"href":"https:\/\/turkpol.org.pl\/tr\/wp-json\/wp\/v2\/pages"}],"about":[{"href":"https:\/\/turkpol.org.pl\/tr\/wp-json\/wp\/v2\/types\/page"}],"author":[{"embeddable":true,"href":"https:\/\/turkpol.org.pl\/tr\/wp-json\/wp\/v2\/users\/1"}],"replies":[{"embeddable":true,"href":"https:\/\/turkpol.org.pl\/tr\/wp-json\/wp\/v2\/comments?post=11164"}],"version-history":[{"count":52,"href":"https:\/\/turkpol.org.pl\/tr\/wp-json\/wp\/v2\/pages\/11164\/revisions"}],"predecessor-version":[{"id":12831,"href":"https:\/\/turkpol.org.pl\/tr\/wp-json\/wp\/v2\/pages\/11164\/revisions\/12831"}],"up":[{"embeddable":true,"href":"https:\/\/turkpol.org.pl\/tr\/wp-json\/wp\/v2\/pages\/11153"}],"wp:attachment":[{"href":"https:\/\/turkpol.org.pl\/tr\/wp-json\/wp\/v2\/media?parent=11164"}],"curies":[{"name":"wp","href":"https:\/\/api.w.org\/{rel}","templated":true}]}}