{"id":11382,"date":"2023-12-18T14:12:59","date_gmt":"2023-12-18T14:12:59","guid":{"rendered":"https:\/\/turkpol.org.pl\/kurumsal-kimlik\/"},"modified":"2024-03-23T12:15:10","modified_gmt":"2024-03-23T12:15:10","slug":"kurumsal-kimlik","status":"publish","type":"page","link":"https:\/\/turkpol.org.pl\/tr\/kurumsal-kimlik\/","title":{"rendered":"Kurumsal Kimlik"},"content":{"rendered":"\t\t<div data-elementor-type=\"wp-page\" data-elementor-id=\"11382\" class=\"elementor elementor-11382 elementor-9685\" data-elementor-post-type=\"page\">\n\t\t\t\t\t\t<section class=\"elementor-section elementor-top-section elementor-element elementor-element-3744c06 elementor-section-boxed elementor-section-height-default elementor-section-height-default sc_fly_static\" data-id=\"3744c06\" data-element_type=\"section\" data-e-type=\"section\">\n\t\t\t\t\t\t<div class=\"elementor-container elementor-column-gap-extended\">\n\t\t\t\t\t<div class=\"elementor-column elementor-col-100 elementor-top-column elementor-element elementor-element-2088b5f sc_content_align_inherit sc_layouts_column_icons_position_left sc_fly_static\" data-id=\"2088b5f\" data-element_type=\"column\" data-e-type=\"column\">\n\t\t\t<div class=\"elementor-widget-wrap elementor-element-populated\">\n\t\t\t\t\t\t<div class=\"elementor-element elementor-element-c8608a9 sc_fly_static elementor-widget elementor-widget-heading\" data-id=\"c8608a9\" data-element_type=\"widget\" data-e-type=\"widget\" data-widget_type=\"heading.default\">\n\t\t\t\t<div class=\"elementor-widget-container\">\n\t\t\t\t\t<h2 class=\"elementor-heading-title elementor-size-default\">Turkpol Logo Kullan\u0131m \u00d6rnekleri<\/h2>\t\t\t\t<\/div>\n\t\t\t\t<\/div>\n\t\t\t\t\t<\/div>\n\t\t<\/div>\n\t\t\t\t\t<\/div>\n\t\t<\/section>\n\t\t\t\t<section class=\"elementor-section elementor-top-section elementor-element elementor-element-90310d1 elementor-section-boxed elementor-section-height-default elementor-section-height-default sc_fly_static\" data-id=\"90310d1\" data-element_type=\"section\" data-e-type=\"section\">\n\t\t\t\t\t\t<div class=\"elementor-container elementor-column-gap-extended\">\n\t\t\t\t\t<div class=\"elementor-column elementor-col-50 elementor-top-column elementor-element elementor-element-97fc095 sc_content_align_inherit sc_layouts_column_icons_position_left sc_fly_static\" data-id=\"97fc095\" data-element_type=\"column\" data-e-type=\"column\">\n\t\t\t<div class=\"elementor-widget-wrap elementor-element-populated\">\n\t\t\t\t\t\t<div class=\"elementor-element elementor-element-ea35e4f sc_fly_static elementor-widget elementor-widget-text-editor\" data-id=\"ea35e4f\" data-element_type=\"widget\" data-e-type=\"widget\" data-widget_type=\"text-editor.default\">\n\t\t\t\t<div class=\"elementor-widget-container\">\n\t\t\t\t\t\t\t\t\t<div class=\"logoInfo col-md-8 col-sm-8 col-xs-12\">\n<p>Dernek isminin tam halini g\u00f6steren Tam Logomuz beyaz ve a\u00e7\u0131k tonlu zeminlerde kullan\u0131lmaktad\u0131r.<\/p>\n<\/div>\n\t\t\t\t\t\t\t\t<\/div>\n\t\t\t\t<\/div>\n\t\t\t\t\t<\/div>\n\t\t<\/div>\n\t\t\t\t<div class=\"elementor-column elementor-col-50 elementor-top-column elementor-element elementor-element-2e5bfdd sc_content_align_inherit sc_layouts_column_icons_position_left sc_fly_static\" data-id=\"2e5bfdd\" data-element_type=\"column\" data-e-type=\"column\">\n\t\t\t<div class=\"elementor-widget-wrap elementor-element-populated\">\n\t\t\t\t\t\t<div class=\"elementor-element elementor-element-88aa1b5 sc_fly_static elementor-widget elementor-widget-image\" data-id=\"88aa1b5\" data-element_type=\"widget\" data-e-type=\"widget\" data-widget_type=\"image.default\">\n\t\t\t\t<div class=\"elementor-widget-container\">\n\t\t\t\t\t\t\t\t\t\t\t\t\t\t\t<img decoding=\"async\" width=\"300\" height=\"67\" src=\"https:\/\/turkpol.org.pl\/wp-content\/uploads\/2023\/12\/turkpollogonewnarrow-300x67.png\" class=\"lazyload_inited attachment-medium size-medium wp-image-9649\" alt=\"\" srcset=\"https:\/\/turkpol.org.pl\/wp-content\/uploads\/2023\/12\/turkpollogonewnarrow-300x67.png 300w, https:\/\/turkpol.org.pl\/wp-content\/uploads\/2023\/12\/turkpollogonewnarrow-1024x229.png 1024w, https:\/\/turkpol.org.pl\/wp-content\/uploads\/2023\/12\/turkpollogonewnarrow-768x171.png 768w, https:\/\/turkpol.org.pl\/wp-content\/uploads\/2023\/12\/turkpollogonewnarrow-1536x343.png 1536w, https:\/\/turkpol.org.pl\/wp-content\/uploads\/2023\/12\/turkpollogonewnarrow-2048x457.png 2048w, https:\/\/turkpol.org.pl\/wp-content\/uploads\/2023\/12\/turkpollogonewnarrow-18x4.png 18w, https:\/\/turkpol.org.pl\/wp-content\/uploads\/2023\/12\/turkpollogonewnarrow-370x83.png 370w, https:\/\/turkpol.org.pl\/wp-content\/uploads\/2023\/12\/turkpollogonewnarrow-760x170.png 760w, https:\/\/turkpol.org.pl\/wp-content\/uploads\/2023\/12\/turkpollogonewnarrow-600x134.png 600w\" sizes=\"(max-width: 300px) 100vw, 300px\" \/>\t\t\t\t\t\t\t\t\t\t\t\t\t\t\t<\/div>\n\t\t\t\t<\/div>\n\t\t\t\t<div class=\"elementor-element elementor-element-40e1bca sc_fly_static elementor-widget elementor-widget-text-editor\" data-id=\"40e1bca\" data-element_type=\"widget\" data-e-type=\"widget\" data-widget_type=\"text-editor.default\">\n\t\t\t\t<div class=\"elementor-widget-container\">\n\t\t\t\t\t\t\t\t\t<p>\u0130ndir: <a href=\"https:\/\/turkpol.org.pl\/wp-content\/uploads\/2023\/12\/turkpollogonewnarrow.png\">PNG<\/a> <\/p>\n\t\t\t\t\t\t\t\t<\/div>\n\t\t\t\t<\/div>\n\t\t\t\t\t<\/div>\n\t\t<\/div>\n\t\t\t\t\t<\/div>\n\t\t<\/section>\n\t\t\t\t<section class=\"elementor-section elementor-top-section elementor-element elementor-element-667128b elementor-section-boxed elementor-section-height-default elementor-section-height-default sc_fly_static\" data-id=\"667128b\" data-element_type=\"section\" data-e-type=\"section\">\n\t\t\t\t\t\t<div class=\"elementor-container elementor-column-gap-extended\">\n\t\t\t\t\t<div class=\"elementor-column elementor-col-50 elementor-top-column elementor-element elementor-element-394d2c4 sc_content_align_inherit sc_layouts_column_icons_position_left sc_fly_static\" data-id=\"394d2c4\" data-element_type=\"column\" data-e-type=\"column\">\n\t\t\t<div class=\"elementor-widget-wrap elementor-element-populated\">\n\t\t\t\t\t\t<div class=\"elementor-element elementor-element-1994d28 sc_fly_static elementor-widget elementor-widget-text-editor\" data-id=\"1994d28\" data-element_type=\"widget\" data-e-type=\"widget\" data-widget_type=\"text-editor.default\">\n\t\t\t\t<div class=\"elementor-widget-container\">\n\t\t\t\t\t\t\t\t\t<div>\n<p><span style=\"font-family: Inter, sans-serif; font-size: 15px; font-style: normal; font-weight: 400;\">Dernek isminin tam halini g\u00f6steren Logomuz, beyaz ve a\u00e7\u0131k tonlu zeminlerde kullan\u0131lmaktad\u0131r.<\/span><\/p>\n<\/div>\n\t\t\t\t\t\t\t\t<\/div>\n\t\t\t\t<\/div>\n\t\t\t\t\t<\/div>\n\t\t<\/div>\n\t\t\t\t<div class=\"elementor-column elementor-col-50 elementor-top-column elementor-element elementor-element-4cfe08d sc_content_align_inherit sc_layouts_column_icons_position_left sc_fly_static\" data-id=\"4cfe08d\" data-element_type=\"column\" data-e-type=\"column\">\n\t\t\t<div class=\"elementor-widget-wrap elementor-element-populated\">\n\t\t\t\t\t\t<div class=\"elementor-element elementor-element-034dd2a sc_fly_static elementor-widget elementor-widget-image\" data-id=\"034dd2a\" data-element_type=\"widget\" data-e-type=\"widget\" data-widget_type=\"image.default\">\n\t\t\t\t<div class=\"elementor-widget-container\">\n\t\t\t\t\t\t\t\t\t\t\t\t\t\t\t<img decoding=\"async\" width=\"150\" height=\"150\" src=\"https:\/\/turkpol.org.pl\/wp-content\/uploads\/2024\/01\/TURKPOL-Logo-Vector-square-150x150.png\" class=\"lazyload_inited attachment-thumbnail size-thumbnail wp-image-10820\" alt=\"\" srcset=\"https:\/\/turkpol.org.pl\/wp-content\/uploads\/2024\/01\/TURKPOL-Logo-Vector-square-150x150.png 150w, https:\/\/turkpol.org.pl\/wp-content\/uploads\/2024\/01\/TURKPOL-Logo-Vector-square-300x300.png 300w, https:\/\/turkpol.org.pl\/wp-content\/uploads\/2024\/01\/TURKPOL-Logo-Vector-square-370x370.png 370w, https:\/\/turkpol.org.pl\/wp-content\/uploads\/2024\/01\/TURKPOL-Logo-Vector-square-90x90.png 90w, https:\/\/turkpol.org.pl\/wp-content\/uploads\/2024\/01\/TURKPOL-Logo-Vector-square.png 595w\" sizes=\"(max-width: 150px) 100vw, 150px\" \/>\t\t\t\t\t\t\t\t\t\t\t\t\t\t\t<\/div>\n\t\t\t\t<\/div>\n\t\t\t\t<div class=\"elementor-element elementor-element-04e2289 sc_fly_static elementor-widget elementor-widget-text-editor\" data-id=\"04e2289\" data-element_type=\"widget\" data-e-type=\"widget\" data-widget_type=\"text-editor.default\">\n\t\t\t\t<div class=\"elementor-widget-container\">\n\t\t\t\t\t\t\t\t\t<p>\u0130ndir: <a href=\"https:\/\/turkpol.org.pl\/wp-content\/uploads\/2023\/12\/1792_1_logo-k-1.jpg\">PNG<\/a> <a href=\"https:\/\/turkpol.org.pl\/wp-content\/uploads\/2023\/12\/1792_1_logo-k-1.jpg\">AI<\/a><\/p>\n\t\t\t\t\t\t\t\t<\/div>\n\t\t\t\t<\/div>\n\t\t\t\t\t<\/div>\n\t\t<\/div>\n\t\t\t\t\t<\/div>\n\t\t<\/section>\n\t\t\t\t<section class=\"elementor-section elementor-top-section elementor-element elementor-element-4f4338b elementor-section-boxed elementor-section-height-default elementor-section-height-default sc_fly_static\" data-id=\"4f4338b\" data-element_type=\"section\" data-e-type=\"section\">\n\t\t\t\t\t\t<div class=\"elementor-container elementor-column-gap-extended\">\n\t\t\t\t\t<div class=\"elementor-column elementor-col-50 elementor-top-column elementor-element elementor-element-b94359f sc_content_align_inherit sc_layouts_column_icons_position_left sc_fly_static\" data-id=\"b94359f\" data-element_type=\"column\" data-e-type=\"column\">\n\t\t\t<div class=\"elementor-widget-wrap elementor-element-populated\">\n\t\t\t\t\t\t<div class=\"elementor-element elementor-element-1df583d sc_fly_static elementor-widget elementor-widget-text-editor\" data-id=\"1df583d\" data-element_type=\"widget\" data-e-type=\"widget\" data-widget_type=\"text-editor.default\">\n\t\t\t\t<div class=\"elementor-widget-container\">\n\t\t\t\t\t\t\t\t\t<div class=\"logoInfo col-md-8 col-sm-8 col-xs-12\">\n<p>Dernek isminin tam halini g\u00f6steren Tam Logomuz, renkli ve koyu tonlu arka planlar \u00fczerinde kullan\u0131lmaktad\u0131r.<\/p>\n<\/div>\n\t\t\t\t\t\t\t\t<\/div>\n\t\t\t\t<\/div>\n\t\t\t\t\t<\/div>\n\t\t<\/div>\n\t\t\t\t<div class=\"elementor-column elementor-col-50 elementor-top-column elementor-element elementor-element-caba14d sc_content_align_inherit sc_layouts_column_icons_position_left sc_fly_static\" data-id=\"caba14d\" data-element_type=\"column\" data-e-type=\"column\">\n\t\t\t<div class=\"elementor-widget-wrap elementor-element-populated\">\n\t\t\t\t\t\t<div class=\"elementor-element elementor-element-8d499cb sc_fly_static elementor-widget elementor-widget-image\" data-id=\"8d499cb\" data-element_type=\"widget\" data-e-type=\"widget\" data-widget_type=\"image.default\">\n\t\t\t\t<div class=\"elementor-widget-container\">\n\t\t\t\t\t\t\t\t\t\t\t\t\t\t\t<img decoding=\"async\" width=\"300\" height=\"72\" src=\"https:\/\/turkpol.org.pl\/wp-content\/uploads\/2024\/01\/turkpol-icon-white-300x72.png\" class=\"lazyload_inited attachment-medium size-medium wp-image-11144\" alt=\"\" srcset=\"https:\/\/turkpol.org.pl\/wp-content\/uploads\/2024\/01\/turkpol-icon-white-300x72.png 300w, https:\/\/turkpol.org.pl\/wp-content\/uploads\/2024\/01\/turkpol-icon-white-1024x246.png 1024w, https:\/\/turkpol.org.pl\/wp-content\/uploads\/2024\/01\/turkpol-icon-white-768x184.png 768w, https:\/\/turkpol.org.pl\/wp-content\/uploads\/2024\/01\/turkpol-icon-white-370x89.png 370w, https:\/\/turkpol.org.pl\/wp-content\/uploads\/2024\/01\/turkpol-icon-white-760x183.png 760w, https:\/\/turkpol.org.pl\/wp-content\/uploads\/2024\/01\/turkpol-icon-white-600x144.png 600w, https:\/\/turkpol.org.pl\/wp-content\/uploads\/2024\/01\/turkpol-icon-white.png 1228w\" sizes=\"(max-width: 300px) 100vw, 300px\" \/>\t\t\t\t\t\t\t\t\t\t\t\t\t\t\t<\/div>\n\t\t\t\t<\/div>\n\t\t\t\t<div class=\"elementor-element elementor-element-44b7880 sc_fly_static elementor-widget elementor-widget-text-editor\" data-id=\"44b7880\" data-element_type=\"widget\" data-e-type=\"widget\" data-widget_type=\"text-editor.default\">\n\t\t\t\t<div class=\"elementor-widget-container\">\n\t\t\t\t\t\t\t\t\t<p>\u0130ndir: <a href=\"https:\/\/turkpol.org.pl\/wp-content\/uploads\/2024\/01\/turkpol-icon-white.png\">PNG<\/a><\/p>\n\t\t\t\t\t\t\t\t<\/div>\n\t\t\t\t<\/div>\n\t\t\t\t\t<\/div>\n\t\t<\/div>\n\t\t\t\t\t<\/div>\n\t\t<\/section>\n\t\t\t\t<section class=\"elementor-section elementor-top-section elementor-element elementor-element-43c77fc elementor-section-boxed elementor-section-height-default elementor-section-height-default sc_fly_static\" data-id=\"43c77fc\" data-element_type=\"section\" data-e-type=\"section\">\n\t\t\t\t\t\t<div class=\"elementor-container elementor-column-gap-extended\">\n\t\t\t\t\t<div class=\"elementor-column elementor-col-50 elementor-top-column elementor-element elementor-element-9474b57 sc_content_align_inherit sc_layouts_column_icons_position_left sc_fly_static\" data-id=\"9474b57\" data-element_type=\"column\" data-e-type=\"column\">\n\t\t\t<div class=\"elementor-widget-wrap elementor-element-populated\">\n\t\t\t\t\t\t<div class=\"elementor-element elementor-element-18377d9 sc_fly_static elementor-widget elementor-widget-text-editor\" data-id=\"18377d9\" data-element_type=\"widget\" data-e-type=\"widget\" data-widget_type=\"text-editor.default\">\n\t\t\t\t<div class=\"elementor-widget-container\">\n\t\t\t\t\t\t\t\t\t<div class=\"logoInfo col-md-8 col-sm-8 col-xs-12\">\n<p>Dernek isminin tam halini g\u00f6steren Logomuz, renkli ve koyu tonlu arka planlar \u00fczerinde kullan\u0131lmaktad\u0131r.<\/p>\n<\/div>\n\t\t\t\t\t\t\t\t<\/div>\n\t\t\t\t<\/div>\n\t\t\t\t\t<\/div>\n\t\t<\/div>\n\t\t\t\t<div class=\"elementor-column elementor-col-50 elementor-top-column elementor-element elementor-element-ba81746 sc_content_align_inherit sc_layouts_column_icons_position_left sc_fly_static\" data-id=\"ba81746\" data-element_type=\"column\" data-e-type=\"column\">\n\t\t\t<div class=\"elementor-widget-wrap elementor-element-populated\">\n\t\t\t\t\t\t<div class=\"elementor-element elementor-element-7b1f71b sc_fly_static elementor-widget elementor-widget-image\" data-id=\"7b1f71b\" data-element_type=\"widget\" data-e-type=\"widget\" data-widget_type=\"image.default\">\n\t\t\t\t<div class=\"elementor-widget-container\">\n\t\t\t\t\t\t\t\t\t\t\t\t\t\t\t<img loading=\"lazy\" decoding=\"async\" width=\"150\" height=\"150\" src=\"https:\/\/turkpol.org.pl\/wp-content\/uploads\/2024\/01\/Group-2-150x150.png\" class=\"lazyload_inited attachment-thumbnail size-thumbnail wp-image-11155\" alt=\"\" srcset=\"https:\/\/turkpol.org.pl\/wp-content\/uploads\/2024\/01\/Group-2-150x150.png 150w, https:\/\/turkpol.org.pl\/wp-content\/uploads\/2024\/01\/Group-2-90x90.png 90w, https:\/\/turkpol.org.pl\/wp-content\/uploads\/2024\/01\/Group-2-370x370.png 370w\" sizes=\"(max-width: 150px) 100vw, 150px\" \/>\t\t\t\t\t\t\t\t\t\t\t\t\t\t\t<\/div>\n\t\t\t\t<\/div>\n\t\t\t\t<div class=\"elementor-element elementor-element-742b9b6 sc_fly_static elementor-widget elementor-widget-text-editor\" data-id=\"742b9b6\" data-element_type=\"widget\" data-e-type=\"widget\" data-widget_type=\"text-editor.default\">\n\t\t\t\t<div class=\"elementor-widget-container\">\n\t\t\t\t\t\t\t\t\t<p>\u0130ndir: <a href=\"https:\/\/turkpol.org.pl\/wp-content\/uploads\/2024\/01\/turkpol-icon-white.png\">PNG<\/a><\/p>\n\t\t\t\t\t\t\t\t<\/div>\n\t\t\t\t<\/div>\n\t\t\t\t\t<\/div>\n\t\t<\/div>\n\t\t\t\t\t<\/div>\n\t\t<\/section>\n\t\t\t\t<\/div>\n\t\t","protected":false},"excerpt":{"rendered":"<p>Turkpol Logo Kullan\u0131m \u00d6rnekleri Dernek isminin tam halini g\u00f6steren Tam Logomuz beyaz ve a\u00e7\u0131k tonlu zeminlerde kullan\u0131lmaktad\u0131r. \u0130ndir: PNG Dernek&hellip;<\/p>\n","protected":false},"author":130,"featured_media":0,"parent":0,"menu_order":0,"comment_status":"closed","ping_status":"closed","template":"","meta":{"_bbp_topic_count":0,"_bbp_reply_count":0,"_bbp_total_topic_count":0,"_bbp_total_reply_count":0,"_bbp_voice_count":0,"_bbp_anonymous_reply_count":0,"_bbp_topic_count_hidden":0,"_bbp_reply_count_hidden":0,"_bbp_forum_subforum_count":0,"pmpro_default_level":"","_price":"","_stock":"","_tribe_ticket_header":"","_tribe_default_ticket_provider":"","_tribe_ticket_capacity":"0","_ticket_start_date":"","_ticket_end_date":"","_tribe_ticket_show_description":"","_tribe_ticket_show_not_going":false,"_tribe_ticket_use_global_stock":"","_tribe_ticket_global_stock_level":"","_global_stock_mode":"","_global_stock_cap":"","_tribe_rsvp_for_event":"","_tribe_ticket_going_count":"","_tribe_ticket_not_going_count":"","_tribe_tickets_list":"[]","_tribe_ticket_has_attendee_info_fields":false,"footnotes":"","_tec_slr_enabled":"","_tec_slr_layout":""},"class_list":["post-11382","page","type-page","status-publish","hentry","pmpro-has-access"],"ticketed":false,"_links":{"self":[{"href":"https:\/\/turkpol.org.pl\/tr\/wp-json\/wp\/v2\/pages\/11382","targetHints":{"allow":["GET"]}}],"collection":[{"href":"https:\/\/turkpol.org.pl\/tr\/wp-json\/wp\/v2\/pages"}],"about":[{"href":"https:\/\/turkpol.org.pl\/tr\/wp-json\/wp\/v2\/types\/page"}],"author":[{"embeddable":true,"href":"https:\/\/turkpol.org.pl\/tr\/wp-json\/wp\/v2\/users\/130"}],"replies":[{"embeddable":true,"href":"https:\/\/turkpol.org.pl\/tr\/wp-json\/wp\/v2\/comments?post=11382"}],"version-history":[{"count":3,"href":"https:\/\/turkpol.org.pl\/tr\/wp-json\/wp\/v2\/pages\/11382\/revisions"}],"predecessor-version":[{"id":12220,"href":"https:\/\/turkpol.org.pl\/tr\/wp-json\/wp\/v2\/pages\/11382\/revisions\/12220"}],"wp:attachment":[{"href":"https:\/\/turkpol.org.pl\/tr\/wp-json\/wp\/v2\/media?parent=11382"}],"curies":[{"name":"wp","href":"https:\/\/api.w.org\/{rel}","templated":true}]}}