{"id":12280,"date":"2024-01-26T15:41:22","date_gmt":"2024-01-26T15:41:22","guid":{"rendered":"https:\/\/turkpol.org.pl\/gizlilik-politikasi\/"},"modified":"2024-03-23T13:00:53","modified_gmt":"2024-03-23T13:00:53","slug":"gizlilik-politikasi","status":"publish","type":"page","link":"https:\/\/turkpol.org.pl\/tr\/gizlilik-politikasi\/","title":{"rendered":"G\u0130ZL\u0130L\u0130K POL\u0130T\u0130KASI"},"content":{"rendered":"\t\t<div data-elementor-type=\"wp-page\" data-elementor-id=\"12280\" class=\"elementor elementor-12280 elementor-11225\" data-elementor-post-type=\"page\">\n\t\t\t\t\t\t<section class=\"elementor-section elementor-top-section elementor-element elementor-element-bceda82 elementor-section-boxed elementor-section-height-default elementor-section-height-default sc_fly_static\" data-id=\"bceda82\" data-element_type=\"section\" data-e-type=\"section\">\n\t\t\t\t\t\t<div class=\"elementor-container elementor-column-gap-extended\">\n\t\t\t\t\t<div class=\"elementor-column elementor-col-100 elementor-top-column elementor-element elementor-element-e35700c sc_content_align_inherit sc_layouts_column_icons_position_left sc_fly_static\" data-id=\"e35700c\" data-element_type=\"column\" data-e-type=\"column\">\n\t\t\t<div class=\"elementor-widget-wrap elementor-element-populated\">\n\t\t\t\t\t\t<div class=\"elementor-element elementor-element-db7732b sc_fly_static elementor-widget elementor-widget-text-editor\" data-id=\"db7732b\" data-element_type=\"widget\" data-e-type=\"widget\" data-widget_type=\"text-editor.default\">\n\t\t\t\t<div class=\"elementor-widget-container\">\n\t\t\t\t\t\t\t\t\t<h3 style=\"text-align: center;\">Tan\u0131t\u0131c\u0131 bilgiler<\/h3><ol><li>Merkezi Var\u015fova, ul. Marcina Kasprzaka 146\/10 adresinde bulunan TURKPOL K\u00dcLT\u00dcR VE \u0130\u015eB\u0130RL\u0130\u011e\u0130 DERNE\u011e\u0130&#8217;ne (bundan b\u00f6yle: TURKPOL Derne\u011fi) ki\u015fisel verilerini emanet eden ki\u015filerin gizlilik hakk\u0131na sayg\u0131 g\u00f6stererek, hizmetlerimizi kullanan ki\u015filer, y\u00fcklenicilerimiz ve \u00e7al\u0131\u015fanlar\u0131 dahil olmak \u00fczere, elde edilen verileri ulusal ve Avrupa yasal d\u00fczenlemelerine uygun olarak ve g\u00fcvenliklerini garanti eden ko\u015fullar alt\u0131nda i\u015fledi\u011fimizi beyan etmek isteriz.<\/li><li>Ger\u00e7ekle\u015ftirilen i\u015flemlerin \u015feffafl\u0131\u011f\u0131n\u0131 sa\u011flamak i\u00e7in, 27 Nisan 2016 tarihli Avrupa Parlamentosu ve Konseyi&#8217;nin (AB) 2016\/679 say\u0131l\u0131 T\u00fcz\u00fc\u011f\u00fc temelinde kurulan TURKPOL Derne\u011fi&#8217;nde y\u00fcr\u00fcrl\u00fckte olan ki\u015fisel veri koruma kurallar\u0131n\u0131 sunuyoruz. ki\u015fisel verilerin i\u015flenmesiyle ilgili olarak ger\u00e7ek ki\u015filerin korunmas\u0131na ve bu t\u00fcr verilerin serbest dola\u015f\u0131m\u0131na ili\u015fkin ve 95\/46\/EC say\u0131l\u0131 Direktifin (Genel Veri Koruma Y\u00f6netmeli\u011fi, bundan sonra &#8220;GDPR&#8221; olarak an\u0131lacakt\u0131r) y\u00fcr\u00fcrl\u00fckten kald\u0131r\u0131lmas\u0131na ili\u015fkindir.<\/li><\/ol><h3 style=\"text-align: center;\">Veri kontrol\u00fc<\/h3><p>Ki\u015fisel verilerinizin y\u00f6neticisi, yani i\u015fleme ama\u00e7 ve y\u00f6ntemlerine karar veren kurulu\u015f, kay\u0131tl\u0131 merkezi Var\u015fova, Marcina Kasprzaka 146\/10 adresinde bulunan T\u00dcRKPOL POLONYA-T\u00dcRK K\u00dcLT\u00dcR VE \u0130\u015eB\u0130RL\u0130\u011e\u0130 DERNE\u011e\u0130&#8217;dir. Ki\u015fisel verileriniz i\u00e7in bize e-posta yoluyla da ula\u015fabilirsiniz: adres: info@turkpol.org.pl<\/p><h3 style=\"text-align: center;\">Verilerin elde edilmesi ve i\u015flenme amac\u0131<\/h3><ol><li>Ki\u015fisel verileriniz a\u015fa\u011f\u0131daki ama\u00e7larla i\u015flenebilecektir:<\/li><li>T\u00dcRKPOL Derne\u011fi&#8217;ne \u00fcye olmak ve ilgili faaliyetleri y\u00fcr\u00fctmek;<\/li><li>kurslara, e\u011fitimlere, seminerlere vb. kat\u0131l\u0131ma ili\u015fkin s\u00f6zle\u015fmelerin uygulanmas\u0131;<\/li><li>T\u00dcRKPOL Derne\u011fi&#8217;nin faaliyetlerini tan\u0131tmaya y\u00f6nelik di\u011fer faaliyetler.<\/li><li>T\u00dcRKPOL Derne\u011fi&#8217;nin faaliyetleri \u015funlard\u0131r:<\/li><li>A\u00e7\u0131kl\u0131\u011fa, ho\u015fg\u00f6r\u00fcye ve i\u015fbirli\u011fine dayal\u0131 dostane Polonya-T\u00fcrk ili\u015fkilerinin in\u015fas\u0131 ve derinle\u015ftirilmesi,<\/li><li>Her iki toplumun Polonya ve T\u00fcrkiye ile Polonya-T\u00fcrkiye ili\u015fkileri hakk\u0131ndaki bilgilerinin artt\u0131r\u0131lmas\u0131,<\/li><li>Kal\u0131pla\u015fm\u0131\u015f yarg\u0131lar\u0131 k\u0131rmak, T\u00fcrkiye&#8217;deki Polonya k\u00fclt\u00fcrel miras\u0131n\u0131 ve Polonya&#8217;daki T\u00fcrk k\u00fclt\u00fcrel miras\u0131n\u0131 desteklemek, beslemek ve tan\u0131tmak,<\/li><li>T\u00fcrkiye&#8217;deki Polonya toplumunu ve Polonya&#8217;daki T\u00fcrk toplumunu entegre etmek ve desteklemek,<\/li><li>K\u00fclt\u00fcrleraras\u0131 ve dinler aras\u0131 diyalo\u011fun desteklenmesi,<\/li><li>K\u00fclt\u00fcrel ve \u00e7ok k\u00fclt\u00fcrl\u00fc farkl\u0131l\u0131klara ili\u015fkin bilginin artt\u0131r\u0131lmas\u0131,<\/li><li>Ho\u015fg\u00f6r\u00fc ve anlay\u0131\u015f tutumlar\u0131n\u0131 yayg\u0131nla\u015ft\u0131rmak, \u00f6zellikle \u0131rksal, ulusal veya dini temellere dayanan \u00e7e\u015fitli ayr\u0131mc\u0131l\u0131k bi\u00e7imlerine kar\u015f\u0131 koymak,<\/li><li>T\u00fcrkiye ile Polonya aras\u0131nda daha yak\u0131n i\u015f ili\u015fkilerinin ve etkile\u015fimin te\u015fvik edilmesi,<\/li><li>Ulusal gelene\u011fi s\u00fcrd\u00fcrmek ve yaymak, Polonyal\u0131l\u0131\u011f\u0131 geli\u015ftirmek ve ulusal, sivil ve k\u00fclt\u00fcrel fark\u0131ndal\u0131\u011f\u0131 geli\u015ftirmek,<\/li><li>Ulusal ve etnik az\u0131nl\u0131klara ve b\u00f6lgesel dile y\u00f6nelik faaliyetler y\u00fcr\u00fctmek,<\/li><li>T\u00fcrk uyruklu yabanc\u0131lar\u0131n Polonya vatanda\u015flar\u0131yla entegrasyonuna y\u00f6nelik faaliyetler y\u00fcr\u00fctmek,<\/li><li>Yukar\u0131daki kapsamdaki projelerin di\u011fer Avrupa Birli\u011fi \u00fclkeleriyle i\u015fbirli\u011fi i\u00e7inde ortak olu\u015fturulmas\u0131 ve uygulanmas\u0131.<\/li><\/ol><p>T\u00dcRKPOL Derne\u011fi, varsay\u0131mlar\u0131n\u0131 ger\u00e7ekle\u015ftirirken ki\u015fisel verileri a\u015fa\u011f\u0131daki ama\u00e7larla i\u015fler:<\/p><table><tbody><tr><td><p>\u0130\u015fleme amac\u0131:<\/p><\/td><td><p>Yasal dayanak ve veri saklama s\u00fcresi:<\/p><\/td><td><p>Me\u015fru menfaat<\/p><p>(GDPR Madde 6(1)(f)),<\/p><p>mevcutsa:<\/p><\/td><\/tr><tr><td><p>T\u00dcRKPOL Derne\u011fi&#8217;nin faaliyetleri kapsam\u0131nda, e\u011fitim, konferans, \u00e7al\u0131\u015ftay, web semineri ve di\u011fer etkinliklerin d\u00fczenlenmesi de dahil olmak \u00fczere, \u00fcyelik anla\u015fmalar\u0131n\u0131n yap\u0131lmas\u0131 ve m\u00fc\u015fteri veya y\u00fcklenici ile anla\u015fmalar\u0131n yap\u0131lmas\u0131na ve uygulanmas\u0131na y\u00f6nelik faaliyetler.<\/p><\/td><td><p>sanat. 6 b\u00f6l\u00fcm 1 harf B  <\/p><p>(m\u00fc\u015fterilerle ilgili olarak);<\/p><p> <\/p><p>nesne. 6 b\u00f6l\u00fcm 1 harf f GDPR  <\/p><p>(\u0130\u015fveren\/y\u00fcklenici ad\u0131na T\u00dcRKPOL Derne\u011fi ile i\u015fbirli\u011fi yapan ki\u015filer hakk\u0131nda).<\/p><\/td><td><p>Bir s\u00f6zle\u015fmenin imzalanmas\u0131 veya uygulanmas\u0131 i\u00e7in yap\u0131lan eylemlerle ba\u011flant\u0131l\u0131 olarak m\u00fc\u015fterilerin ve y\u00fcklenicilerin m\u00fc\u015fterileri\/\u00e7al\u0131\u015fanlar\u0131\/i\u015fbirlik\u00e7ileriyle ileti\u015fim kurma ihtiyac\u0131.<\/p><\/td><\/tr><tr><td><p>\u015eikayetlerin, ba\u015fvurular\u0131n ve \u015fik\u00e2yetlerin de\u011ferlendirilmesi.<\/p><\/td><td><p>art. 6 ust. 1 lit. b, c oraz f RODO  <\/p><p>S\u00f6zle\u015fme s\u00fcresi boyunca veya garanti s\u00fcresi dolana veya \u015fikayet \u00e7\u00f6z\u00fcmlenene kadar.<\/p><p> <\/p><\/td><td><p>\u015eikayetlerin, taleplerin ve iddialar\u0131n de\u011ferlendirilmesi ile ilgili olarak m\u00fc\u015fterilerin \u00e7al\u0131\u015fanlar\u0131\/ortaklar\u0131yla ileti\u015fime ge\u00e7me ihtiyac\u0131.<\/p><\/td><\/tr><tr><td><p>\u0130ddialar\u0131n olu\u015fturulmas\u0131, takip edilmesi ve savunulmas\u0131.<\/p><\/td><td><p>art. 6 ust. 1 lit. f RODO  <\/p><p>Y\u00fcr\u00fcrl\u00fckteki yasalara uygun olarak, s\u00f6zle\u015fmeden do\u011fan taleplere ili\u015fkin zamana\u015f\u0131m\u0131 s\u00fcrelerinin sona ermesine kadar ge\u00e7en s\u00fcre i\u00e7in.<\/p><\/td><td><p>\u0130ddialar\u0131n tespiti, takibi ve savunulmas\u0131 ile ba\u011flant\u0131l\u0131 olarak m\u00fc\u015fteri veya y\u00fcklenicilerin ve bunlar\u0131n \u00e7al\u0131\u015fanlar\u0131n\u0131n\/i\u015fbirlik\u00e7ilerinin verilerinin i\u015flenmesi.<\/p><\/td><\/tr><tr><td><p>Yerle\u015fimlerin y\u00fcr\u00fct\u00fclmesi, muhasebe ve finansal raporlama.<\/p><\/td><td><p>art. 6 ust. 1 lit. c RODO  <\/p><p>Ba\u015fta muhasebe belgelerinin saklanmas\u0131 olmak \u00fczere, yasal h\u00fck\u00fcmlerden kaynaklanan veri saklama y\u00fck\u00fcml\u00fcl\u00fcklerinin sona ermesine kadar ge\u00e7en s\u00fcre i\u00e7in (prensip olarak, muhasebe belgesi d\u00fczenlemeyi zorunlu k\u0131lan hukuki olay\u0131n meydana geldi\u011fi y\u0131ldan itibaren 5 y\u0131l s\u00fcreyle).<\/p><\/td><td> <\/td><\/tr><tr><td><p>\u0130statistik tutmak<\/p><\/td><td><p>art. 6 ust. 1 lit. f RODO  <\/p><p>Bu tabloda belirtilen ba\u015fka bir i\u015fleme i\u015flemi s\u00fcresince. Ki\u015fisel verileri yaln\u0131zca istatistiksel ama\u00e7larla saklam\u0131yoruz. <\/p><\/td><td><p>\u0130statistiksel faaliyetlere dayal\u0131 olarak \u00e7\u0131kar\u0131lan sonu\u00e7lar sayesinde i\u015f operasyonlar\u0131n\u0131n iyile\u015ftirilmesi.<\/p><\/td><\/tr><tr><td><p>Pazarlama faaliyetlerinin y\u00fcr\u00fct\u00fclmesi (elektronik ileti\u015fim ara\u00e7lar\u0131n\u0131n kullan\u0131lmas\u0131 dahil).<\/p><\/td><td><p>art. 6 ust. 1 lit. f RODO  <\/p><p>Telefon numaras\u0131 veya e-posta adresi kullan\u0131larak pazarlama yap\u0131lmas\u0131 durumunda y\u00f6netici, Elektronik Hizmetlerin Sa\u011flanmas\u0131 Hakk\u0131nda Kanun veya Telekom\u00fcnikasyon Kanunu uyar\u0131nca ileti\u015fim kanal\u0131 i\u00e7in onay alacakt\u0131r. \u0130tiraz edene kadar, yani herhangi bir \u015fekilde bizimle ileti\u015fim halinde kalmak istemedi\u011finizi veya eylemlerimiz hakk\u0131nda bilgi almak istemedi\u011finizi g\u00f6sterene veya taleplere ili\u015fkin zamana\u015f\u0131m\u0131 s\u00fcresi sona erene kadar. <\/p><\/td><td><p>\u00dcr\u00fcn ve hizmetleri tan\u0131t\u0131c\u0131 pazarlama faaliyetleri y\u00fcr\u00fctmek.<\/p><\/td><\/tr><tr><td><p>T\u00dcRKPOL Derne\u011fi&#8217;nin sosyal medyadaki profili kapsam\u0131nda veri i\u015flenmesi.<\/p><\/td><td><p>art. 6 ust. 1 lit. f RODO  <\/p><p>Veriler T\u00dcRKPOL Derne\u011fi ve sosyal payla\u015f\u0131m siteleri taraf\u0131ndan ortakla\u015fa y\u00f6netilmektedir.<\/p><p>Veriler, siz veri i\u015flemeye itiraz edene kadar i\u015flenecektir.<\/p><\/td><td><p>Anl\u0131k mesajla\u015fma programlar\u0131 da dahil olmak \u00fczere sosyal a\u011f siteleri taraf\u0131ndan sa\u011flanan ara\u00e7lar\u0131 kullanarak devam eden yaz\u0131\u015fmalar\u0131 y\u00fcr\u00fctmek ve di\u011fer pazarlama faaliyetlerini y\u00fcr\u00fctmek.<\/p><\/td><\/tr><tr><td><p>\u00c7erezlerin i\u015flenmesi.<\/p><\/td><td><p>art. 6 ust. 1 lit. f RODO  <\/p><p>Y\u00f6netici, web sitesinin temel i\u015flevlerini etkinle\u015ftirmek i\u00e7in gerekli \u00e7erezleri kullan\u0131r. Ayr\u0131ca \u00e7erezler kullan\u0131larak istatistiksel ara\u015ft\u0131rma yap\u0131lmas\u0131, pazarlama yap\u0131lmas\u0131 veya kullan\u0131c\u0131 tercihlerinin kaydedilmesi durumunda y\u00f6netici, \u00e7erezlerin kullan\u0131c\u0131n\u0131n cihaz\u0131na kaydedilmesi i\u00e7in onay alacakt\u0131r. <\/p><p> <\/p><p>B\u00f6yle bir durumda veriler, \u00c7erez Politikas\u0131nda belirtilen s\u00fcreler boyunca veya veri i\u015flenmesine itiraz edilene kadar i\u015flenecektir.<\/p><p> <\/p><p>Yaln\u0131zca &#8220;\u00c7erez onay\u0131n\u0131 de\u011fi\u015ftir&#8221; se\u00e7ene\u011fine t\u0131klayarak itiraz edebilirsiniz.<\/p><\/td><td><p>Temel web sitesi i\u015flevlerini etkinle\u015ftirin. Web sitelerinin i\u00e7eri\u011finin, pazarlama ve istatistiksel ama\u00e7lar da dahil olmak \u00fczere kullan\u0131c\u0131lar\u0131n ihtiya\u00e7lar\u0131na g\u00f6re uyarlanmas\u0131, web sitelerinin kullan\u0131m\u0131n\u0131n optimize edilmesi <\/p><\/td><\/tr><\/tbody><\/table><h3 style=\"text-align: center;\">Odbiorcy danych<\/h3><p>T\u00dcRKPOL Derne\u011fi, faaliyetleriyle ba\u011flant\u0131l\u0131 olarak ki\u015fisel verilerinizi a\u015fa\u011f\u0131daki kurumlara a\u00e7\u0131klayacakt\u0131r:<\/p><ol><li>T\u00dcRKPOL Derne\u011fi ile dan\u0131\u015fmanl\u0131k hizmetleri alan\u0131nda i\u015fbirli\u011fi yapan i\u015fletme y\u00fcr\u00fcten ki\u015filer ve e\u011fitimlerin y\u00fcr\u00fct\u00fclmesi, konferans, \u00e7al\u0131\u015ftay, webinar ve di\u011fer etkinliklerin d\u00fczenlenmesi kapsam\u0131nda e\u011fitmenler,<\/li><li>Devlet makamlar\u0131 veya yasa uyar\u0131nca yetkilendirilen di\u011fer kurulu\u015flar,<\/li><li>T\u00dcRKPOL Derne\u011fi&#8217;ni faaliyetlerinde destekleyen kurulu\u015flar, \u00f6zellikle: Microsoft dahil olmak \u00fczere T\u00dcRKPOL Derne\u011fi&#8217;nin faaliyetlerini destekleyen harici B\u0130T sistemleri tedarik\u00e7ileri, denetim kurulu\u015flar\u0131, muhasebe hizmetleri sa\u011flayan kurulu\u015f veya pazarlama kampanyalar\u0131n\u0131n bir par\u00e7as\u0131 olarak T\u00dcRKPOL Derne\u011fi ile i\u015fbirli\u011fi yapan kurulu\u015flar ve Bu kurulu\u015flar\u0131n, T\u00dcRKPOL Derne\u011fi ile yap\u0131lan anla\u015fmaya dayanarak ve yaln\u0131zca yay\u0131nlanan talimatlara uygun olarak verileri i\u015fleyeceklerini,<\/li><li>\u00d6deme hizmetlerine ili\u015fkin 19 A\u011fustos 2011 tarihli Kanun anlam\u0131nda \u00f6deme hizmeti sa\u011flay\u0131c\u0131lar\u0131 ve \u00f6demelerin yap\u0131lmas\u0131 gerekiyorsa bankalar, <\/li><li>i\u015f adaylar\u0131 durumunda \u2013 ayr\u0131ca \u00e7evrimi\u00e7i i\u015fe al\u0131m portallar\u0131na.<\/li><\/ol><h3 style=\"text-align: center;\">\u0130\u015flenen verilere ili\u015fkin haklar ve bunlar\u0131n sa\u011flanmas\u0131n\u0131n g\u00f6n\u00fcll\u00fcl\u00fc\u011f\u00fc<\/h3><ol><li>T\u00dcRKPOL Derne\u011fi taraf\u0131ndan verileri i\u015flenen her ki\u015fi;<\/li><li>Verilerinize eri\u015fim ve bunlar\u0131n bir kopyas\u0131n\u0131 alma,<\/li><li>verilerinizin d\u00fczeltilmesi (d\u00fczeltilmesi),<\/li><li>verilerinizin silinmesi,<\/li><li>verilerinizin i\u015flenmesinin s\u0131n\u0131rland\u0131r\u0131lmas\u0131,<\/li><li>verilerinizi aktar\u0131n &#8211; bunlar\u0131n i\u015flenmesinin yasal dayana\u011f\u0131 r\u0131za (GDPR Madde 6(1)(a) veya Madde 9(2)(a)) veya s\u00f6zle\u015fme (GDPR Madde 6(1)(b)) ise ,<\/li><li>Ki\u015fisel verilerinin i\u015flenmesine itiraz etmek &#8211; bunlar\u0131n i\u015flenmesinin yasal dayana\u011f\u0131 me\u015fru menfaat ise (GDPR Madde 6(1)(f)).<\/li><li>Onay\u0131n geri \u00e7ekilmesinden \u00f6nce, onaya dayal\u0131 olarak yap\u0131lan i\u015flemenin yasall\u0131\u011f\u0131n\u0131 etkilemeden, onay\u0131 istedi\u011finiz zaman geri \u00e7ekebilirsiniz.<\/li><li>Veri sahiplerinin haklar\u0131na ili\u015fkin daha fazla bilgiyi Madde h\u00fck\u00fcmlerinde bulabilirsiniz. 12\u201323 GDPR. <\/li><li>Ayr\u0131ca T\u00dcRKPOL Derne\u011fi taraf\u0131ndan verileri i\u015flenen ki\u015finin denetleyici makama yani Ki\u015fisel Verileri Koruma Kurumu Ba\u015fkan\u0131na \u015fikayette bulunma hakk\u0131 da bulunmaktad\u0131r. <\/li><\/ol><p>Daha fazla bilgi i\u00e7in: https:\/\/uodo.gov.pl\/pl\/p\/skargi.<\/p><h3 style=\"text-align: center;\">T\u00dcRKPOL Derne\u011fi&#8217;ne ki\u015fisel verilerinizi vermeniz gerekiyor mu?<\/h3><ol><li>Verilerin sa\u011flanmas\u0131, s\u00f6zle\u015fmelerin imzalanmas\u0131 ve i\u015f faaliyetlerinin halledilmesinin yan\u0131 s\u0131ra T\u00dcRKPOL Derne\u011fi&#8217;nin yasal gereklilikleri yerine getirebilmesi i\u00e7in de gereklidir. Bu, T\u00dcRKPOL Derne\u011fi&#8217;nin faaliyetlerine kat\u0131lmak istiyorsan\u0131z ki\u015fisel verilerinizi vermeniz gerekti\u011fi anlam\u0131na gelir. <\/li><li>\u0130\u015fvereniniz veya ba\u015fka bir kurum, T\u00dcRKPOL Derne\u011fi ile s\u00f6zle\u015fme akdedilmesi\/ifas\u0131na ili\u015fkin olarak sizi irtibat ki\u015fisi olarak belirtmi\u015fse, verileriniz bu kurumun a\u00e7\u0131klad\u0131\u011f\u0131 \u00f6l\u00e7\u00fcde (standart ad, soyad, pozisyon, e-posta) i\u015flenecektir. posta adresi ve telefon numaras\u0131).<\/li><li>Di\u011fer a\u00e7\u0131lardan (\u00f6zellikle verilerin T\u00dcRKPOL Derne\u011fi taraf\u0131ndan pazarlama amac\u0131yla i\u015flenmesi), veri sa\u011flanmas\u0131 iste\u011fe ba\u011fl\u0131d\u0131r.<\/li><\/ol><h3 style=\"text-align: center;\">Verilerin \u00fc\u00e7\u00fcnc\u00fc \u00fclkelere aktar\u0131lmas\u0131<\/h3><ol><li>Ki\u015fisel veriler genellikle Avrupa Ekonomik Alan\u0131 (bundan sonra: &#8220;AEA&#8221; olarak an\u0131lacakt\u0131r) d\u0131\u015f\u0131na aktar\u0131lmayacakt\u0131r. Ancak, B\u0130T hizmetleri ve BT altyap\u0131s\u0131na y\u00f6nelik deste\u011fin uygulanmas\u0131nda alt y\u00fcklenicilerimizin sa\u011flad\u0131\u011f\u0131 hizmetleri dikkate alarak, T\u00dcRKPOL Derne\u011fi, belirli BT etkinliklerini veya g\u00f6revlerini AEA d\u0131\u015f\u0131nda faaliyet g\u00f6steren tan\u0131nm\u0131\u015f alt y\u00fcklenicilere d\u0131\u015f kaynak olarak sa\u011flayabilir; bu, sizin AEA d\u0131\u015f\u0131ndaki veriler. <\/li><li>Avrupa Komisyonu&#8217;nun karar\u0131 uyar\u0131nca, AEA d\u0131\u015f\u0131ndaki al\u0131c\u0131 \u00fclkeler, AEA standartlar\u0131na uygun olarak yeterli d\u00fczeyde ki\u015fisel veri korumas\u0131 sa\u011flar. Komisyonun ABD&#8217;ye y\u00f6nelik verdi\u011fi karar, Veri Gizlili\u011fi \u00c7er\u00e7evesine kat\u0131lan \u015firketleri kaps\u0131yor. T\u00dcRKPOL Derne\u011fi yaln\u0131zca bu programa kat\u0131lan firmalarla i\u015fbirli\u011fi yapmaktad\u0131r. Daha fazla bilgi: https:\/\/www.dataprivacyframework.gov\/s\/   <\/li><li>T\u00dcRKPOL Derne\u011fi taraf\u0131ndan kullan\u0131lan verilerinizin g\u00fcvenli\u011finin sa\u011flanmas\u0131 y\u00f6ntemi, GDPR&#8217;nin V. B\u00f6l\u00fcm\u00fcnde belirtilen ilkelerle tutarl\u0131d\u0131r. Bu ba\u011flamda kullan\u0131lan \u00f6nlemler hakk\u0131nda daha fazla bilgi talep edebilir, bu \u00f6nlemlerin bir kopyas\u0131n\u0131 alabilir ve bunlar\u0131n nerede sunuldu\u011funu \u00f6\u011frenebilirsiniz. <\/li><\/ol><h3 style=\"text-align: center;\">Ki\u015fisel verilerin otomatik bir \u015fekilde i\u015flenmesi<\/h3><p>Ki\u015fisel verileriniz, otomatik karar verme amac\u0131yla (profil olu\u015fturma bi\u00e7imi de dahil olmak \u00fczere), s\u00f6z konusu otomatik i\u015flemenin sonucunda hukuki sonu\u00e7lar do\u011furacak veya benzer \u015fekilde etki yaratacak herhangi bir karar\u0131n verilebilmesini sa\u011flayacak \u015fekilde kullan\u0131lmayacakt\u0131r. M\u00fc\u015fteriler, y\u00fckleniciler, onlar\u0131n \u00e7al\u0131\u015fanlar\u0131 veya ortaklar\u0131n\u0131n yan\u0131 s\u0131ra y\u00f6neticinin \u00e7al\u0131\u015fanlar\u0131 veya ortaklar\u0131 veya i\u015f adaylar\u0131 \u00fczerindeki herhangi bir etki.<\/p>\t\t\t\t\t\t\t\t<\/div>\n\t\t\t\t<\/div>\n\t\t\t\t\t<\/div>\n\t\t<\/div>\n\t\t\t\t\t<\/div>\n\t\t<\/section>\n\t\t\t\t<\/div>\n\t\t","protected":false},"excerpt":{"rendered":"<p>Tan\u0131t\u0131c\u0131 bilgiler Merkezi Var\u015fova, ul. Marcina Kasprzaka 146\/10 adresinde bulunan TURKPOL K\u00dcLT\u00dcR VE \u0130\u015eB\u0130RL\u0130\u011e\u0130 DERNE\u011e\u0130&#8217;ne (bundan b\u00f6yle: TURKPOL Derne\u011fi) ki\u015fisel&hellip;<\/p>\n","protected":false},"author":130,"featured_media":0,"parent":0,"menu_order":0,"comment_status":"closed","ping_status":"closed","template":"","meta":{"_bbp_topic_count":0,"_bbp_reply_count":0,"_bbp_total_topic_count":0,"_bbp_total_reply_count":0,"_bbp_voice_count":0,"_bbp_anonymous_reply_count":0,"_bbp_topic_count_hidden":0,"_bbp_reply_count_hidden":0,"_bbp_forum_subforum_count":0,"pmpro_default_level":"","_price":"","_stock":"","_tribe_ticket_header":"","_tribe_default_ticket_provider":"","_tribe_ticket_capacity":"0","_ticket_start_date":"","_ticket_end_date":"","_tribe_ticket_show_description":"","_tribe_ticket_show_not_going":false,"_tribe_ticket_use_global_stock":"","_tribe_ticket_global_stock_level":"","_global_stock_mode":"","_global_stock_cap":"","_tribe_rsvp_for_event":"","_tribe_ticket_going_count":"","_tribe_ticket_not_going_count":"","_tribe_tickets_list":"[]","_tribe_ticket_has_attendee_info_fields":false,"footnotes":"","_tec_slr_enabled":"","_tec_slr_layout":""},"class_list":["post-12280","page","type-page","status-publish","hentry","pmpro-has-access"],"ticketed":false,"_links":{"self":[{"href":"https:\/\/turkpol.org.pl\/tr\/wp-json\/wp\/v2\/pages\/12280","targetHints":{"allow":["GET"]}}],"collection":[{"href":"https:\/\/turkpol.org.pl\/tr\/wp-json\/wp\/v2\/pages"}],"about":[{"href":"https:\/\/turkpol.org.pl\/tr\/wp-json\/wp\/v2\/types\/page"}],"author":[{"embeddable":true,"href":"https:\/\/turkpol.org.pl\/tr\/wp-json\/wp\/v2\/users\/130"}],"replies":[{"embeddable":true,"href":"https:\/\/turkpol.org.pl\/tr\/wp-json\/wp\/v2\/comments?post=12280"}],"version-history":[{"count":3,"href":"https:\/\/turkpol.org.pl\/tr\/wp-json\/wp\/v2\/pages\/12280\/revisions"}],"predecessor-version":[{"id":12283,"href":"https:\/\/turkpol.org.pl\/tr\/wp-json\/wp\/v2\/pages\/12280\/revisions\/12283"}],"wp:attachment":[{"href":"https:\/\/turkpol.org.pl\/tr\/wp-json\/wp\/v2\/media?parent=12280"}],"curies":[{"name":"wp","href":"https:\/\/api.w.org\/{rel}","templated":true}]}}